{"id":32992,"date":"2026-02-24T11:05:17","date_gmt":"2026-02-24T10:05:17","guid":{"rendered":"https:\/\/imprimeideas.es\/?post_type=product&p=32992"},"modified":"2026-02-26T18:33:01","modified_gmt":"2026-02-26T17:33:01","slug":"puerto-usb-niyel","status":"publish","type":"product","link":"https:\/\/imprimeideas.es\/en\/product\/puerto-usb-niyel\/","title":{"rendered":"Puerto USB Niyel"},"content":{"rendered":"<p>Original y compacto puerto USB de forma redondeada y en dise\u00f1o bicolor. Incorpora 4 puertos USB 2.0 para conectar multitud de dispositivos y est\u00e1 especialmente dise\u00f1ado para marcaje en tampograf\u00eda o digital. Presentado en caja individual.<\/p>","protected":false},"excerpt":{"rendered":"<p>4 Puertos. USB 2.0<\/p>","protected":false},"featured_media":34072,"comment_status":"open","ping_status":"open","template":"","meta":{"inline_featured_image":false},"product_brand":[],"product_cat":[96,95],"product_tag":[],"class_list":{"0":"post-32992","1":"product","2":"type-product","3":"status-publish","4":"has-post-thumbnail","6":"product_cat-oficina-y-negocios","7":"product_cat-tecnologia-y-accesorios","9":"first","10":"instock","11":"taxable","12":"shipping-taxable","13":"purchasable","14":"product-type-variable","15":"has-default-attributes"},"aioseo_notices":[],"_links":{"self":[{"href":"https:\/\/imprimeideas.es\/en\/wp-json\/wp\/v2\/product\/32992","targetHints":{"allow":["GET"]}}],"collection":[{"href":"https:\/\/imprimeideas.es\/en\/wp-json\/wp\/v2\/product"}],"about":[{"href":"https:\/\/imprimeideas.es\/en\/wp-json\/wp\/v2\/types\/product"}],"replies":[{"embeddable":true,"href":"https:\/\/imprimeideas.es\/en\/wp-json\/wp\/v2\/comments?post=32992"}],"version-history":[{"count":1,"href":"https:\/\/imprimeideas.es\/en\/wp-json\/wp\/v2\/product\/32992\/revisions"}],"predecessor-version":[{"id":59691,"href":"https:\/\/imprimeideas.es\/en\/wp-json\/wp\/v2\/product\/32992\/revisions\/59691"}],"wp:featuredmedia":[{"embeddable":true,"href":"https:\/\/imprimeideas.es\/en\/wp-json\/wp\/v2\/media\/34072"}],"wp:attachment":[{"href":"https:\/\/imprimeideas.es\/en\/wp-json\/wp\/v2\/media?parent=32992"}],"wp:term":[{"taxonomy":"product_brand","embeddable":true,"href":"https:\/\/imprimeideas.es\/en\/wp-json\/wp\/v2\/product_brand?post=32992"},{"taxonomy":"product_cat","embeddable":true,"href":"https:\/\/imprimeideas.es\/en\/wp-json\/wp\/v2\/product_cat?post=32992"},{"taxonomy":"product_tag","embeddable":true,"href":"https:\/\/imprimeideas.es\/en\/wp-json\/wp\/v2\/product_tag?post=32992"}],"curies":[{"name":"wp","href":"https:\/\/api.w.org\/{rel}","templated":true}]}}