{"id":32971,"date":"2026-02-24T11:05:16","date_gmt":"2026-02-24T10:05:16","guid":{"rendered":"https:\/\/imprimeideas.es\/?post_type=product&p=32971"},"modified":"2026-02-26T18:19:34","modified_gmt":"2026-02-26T17:19:34","slug":"placa-owen","status":"publish","type":"product","link":"https:\/\/imprimeideas.es\/en\/product\/placa-owen\/","title":{"rendered":"Placa Owen"},"content":{"rendered":"<p>Placa trofeo de grueso cristal con elegante dise\u00f1o circular y base cuadrada. Especialmente dise\u00f1ada para marcaje a l\u00e1ser y presentada en estuche de protecci\u00f3n individual.<\/p>","protected":false},"excerpt":{"rendered":"<p>Placa trofeo de grueso cristal con elegante dise\u00f1o circular y base cuadrada. Especialmente dise\u00f1ada para marcaje a l\u00e1ser y presentada<\/p>","protected":false},"featured_media":75389,"comment_status":"open","ping_status":"open","template":"","meta":{"inline_featured_image":false},"product_brand":[],"product_cat":[113],"product_tag":[],"class_list":{"0":"post-32971","1":"product","2":"type-product","3":"status-publish","4":"has-post-thumbnail","6":"product_cat-eventos-y-fiesta","8":"first","9":"instock","10":"taxable","11":"shipping-taxable","12":"purchasable","13":"product-type-variable","14":"has-default-attributes"},"aioseo_notices":[],"_links":{"self":[{"href":"https:\/\/imprimeideas.es\/en\/wp-json\/wp\/v2\/product\/32971","targetHints":{"allow":["GET"]}}],"collection":[{"href":"https:\/\/imprimeideas.es\/en\/wp-json\/wp\/v2\/product"}],"about":[{"href":"https:\/\/imprimeideas.es\/en\/wp-json\/wp\/v2\/types\/product"}],"replies":[{"embeddable":true,"href":"https:\/\/imprimeideas.es\/en\/wp-json\/wp\/v2\/comments?post=32971"}],"version-history":[{"count":1,"href":"https:\/\/imprimeideas.es\/en\/wp-json\/wp\/v2\/product\/32971\/revisions"}],"predecessor-version":[{"id":59682,"href":"https:\/\/imprimeideas.es\/en\/wp-json\/wp\/v2\/product\/32971\/revisions\/59682"}],"wp:featuredmedia":[{"embeddable":true,"href":"https:\/\/imprimeideas.es\/en\/wp-json\/wp\/v2\/media\/75389"}],"wp:attachment":[{"href":"https:\/\/imprimeideas.es\/en\/wp-json\/wp\/v2\/media?parent=32971"}],"wp:term":[{"taxonomy":"product_brand","embeddable":true,"href":"https:\/\/imprimeideas.es\/en\/wp-json\/wp\/v2\/product_brand?post=32971"},{"taxonomy":"product_cat","embeddable":true,"href":"https:\/\/imprimeideas.es\/en\/wp-json\/wp\/v2\/product_cat?post=32971"},{"taxonomy":"product_tag","embeddable":true,"href":"https:\/\/imprimeideas.es\/en\/wp-json\/wp\/v2\/product_tag?post=32971"}],"curies":[{"name":"wp","href":"https:\/\/api.w.org\/{rel}","templated":true}]}}