{"id":32959,"date":"2026-02-24T11:05:15","date_gmt":"2026-02-24T10:05:15","guid":{"rendered":"https:\/\/imprimeideas.es\/?post_type=product&p=32959"},"modified":"2026-02-26T18:13:57","modified_gmt":"2026-02-26T17:13:57","slug":"mascara-frio-milora","status":"publish","type":"product","link":"https:\/\/imprimeideas.es\/en\/product\/mascara-frio-milora\/","title":{"rendered":"M\u00e1scara Fr\u00edo Milora"},"content":{"rendered":"<p>M\u00e1scara de fr\u00edo reutilizable en suave nylon de vivos colores. Con cinta de ajuste el\u00e1stica a juego.<\/p>","protected":false},"excerpt":{"rendered":"<p>M\u00e1scara de fr\u00edo reutilizable en suave nylon de vivos colores. Con cinta de ajuste el\u00e1stica a juego.<\/p>","protected":false},"featured_media":72047,"comment_status":"open","ping_status":"open","template":"","meta":{"inline_featured_image":false},"product_brand":[],"product_cat":[107],"product_tag":[],"class_list":{"0":"post-32959","1":"product","2":"type-product","3":"status-publish","4":"has-post-thumbnail","6":"product_cat-cuidado-personal-y-pharma","8":"first","9":"instock","10":"taxable","11":"shipping-taxable","12":"purchasable","13":"product-type-variable","14":"has-default-attributes"},"aioseo_notices":[],"_links":{"self":[{"href":"https:\/\/imprimeideas.es\/en\/wp-json\/wp\/v2\/product\/32959","targetHints":{"allow":["GET"]}}],"collection":[{"href":"https:\/\/imprimeideas.es\/en\/wp-json\/wp\/v2\/product"}],"about":[{"href":"https:\/\/imprimeideas.es\/en\/wp-json\/wp\/v2\/types\/product"}],"replies":[{"embeddable":true,"href":"https:\/\/imprimeideas.es\/en\/wp-json\/wp\/v2\/comments?post=32959"}],"version-history":[{"count":1,"href":"https:\/\/imprimeideas.es\/en\/wp-json\/wp\/v2\/product\/32959\/revisions"}],"predecessor-version":[{"id":59680,"href":"https:\/\/imprimeideas.es\/en\/wp-json\/wp\/v2\/product\/32959\/revisions\/59680"}],"wp:featuredmedia":[{"embeddable":true,"href":"https:\/\/imprimeideas.es\/en\/wp-json\/wp\/v2\/media\/72047"}],"wp:attachment":[{"href":"https:\/\/imprimeideas.es\/en\/wp-json\/wp\/v2\/media?parent=32959"}],"wp:term":[{"taxonomy":"product_brand","embeddable":true,"href":"https:\/\/imprimeideas.es\/en\/wp-json\/wp\/v2\/product_brand?post=32959"},{"taxonomy":"product_cat","embeddable":true,"href":"https:\/\/imprimeideas.es\/en\/wp-json\/wp\/v2\/product_cat?post=32959"},{"taxonomy":"product_tag","embeddable":true,"href":"https:\/\/imprimeideas.es\/en\/wp-json\/wp\/v2\/product_tag?post=32959"}],"curies":[{"name":"wp","href":"https:\/\/api.w.org\/{rel}","templated":true}]}}