{"id":32957,"date":"2026-02-24T11:05:15","date_gmt":"2026-02-24T10:05:15","guid":{"rendered":"https:\/\/imprimeideas.es\/?post_type=product&p=32957"},"modified":"2026-02-25T19:52:23","modified_gmt":"2026-02-25T18:52:23","slug":"cargador-usb-gregor","status":"publish","type":"product","link":"https:\/\/imprimeideas.es\/en\/product\/cargador-usb-gregor\/","title":{"rendered":"Cargador USB Gregor"},"content":{"rendered":"<p>Cargador USB de pared multisalida de 3.100 mA de capacidad de carga en elegante dise\u00f1o de color blanco y con amplia superficie de marcaje. Su cu\u00e1druple salida lo convierte en el gadget id\u00f3neo para carga simult\u00e1nea.<\/p>","protected":false},"excerpt":{"rendered":"<p>4 Salidas USB. 3100 mA<\/p>","protected":false},"featured_media":85631,"comment_status":"open","ping_status":"open","template":"","meta":{"inline_featured_image":false},"product_brand":[],"product_cat":[96,95],"product_tag":[],"class_list":{"0":"post-32957","1":"product","2":"type-product","3":"status-publish","4":"has-post-thumbnail","6":"product_cat-oficina-y-negocios","7":"product_cat-tecnologia-y-accesorios","9":"first","10":"outofstock","11":"taxable","12":"shipping-taxable","13":"purchasable","14":"product-type-variable","15":"has-default-attributes"},"aioseo_notices":[],"_links":{"self":[{"href":"https:\/\/imprimeideas.es\/en\/wp-json\/wp\/v2\/product\/32957","targetHints":{"allow":["GET"]}}],"collection":[{"href":"https:\/\/imprimeideas.es\/en\/wp-json\/wp\/v2\/product"}],"about":[{"href":"https:\/\/imprimeideas.es\/en\/wp-json\/wp\/v2\/types\/product"}],"replies":[{"embeddable":true,"href":"https:\/\/imprimeideas.es\/en\/wp-json\/wp\/v2\/comments?post=32957"}],"version-history":[{"count":1,"href":"https:\/\/imprimeideas.es\/en\/wp-json\/wp\/v2\/product\/32957\/revisions"}],"predecessor-version":[{"id":59679,"href":"https:\/\/imprimeideas.es\/en\/wp-json\/wp\/v2\/product\/32957\/revisions\/59679"}],"wp:featuredmedia":[{"embeddable":true,"href":"https:\/\/imprimeideas.es\/en\/wp-json\/wp\/v2\/media\/85631"}],"wp:attachment":[{"href":"https:\/\/imprimeideas.es\/en\/wp-json\/wp\/v2\/media?parent=32957"}],"wp:term":[{"taxonomy":"product_brand","embeddable":true,"href":"https:\/\/imprimeideas.es\/en\/wp-json\/wp\/v2\/product_brand?post=32957"},{"taxonomy":"product_cat","embeddable":true,"href":"https:\/\/imprimeideas.es\/en\/wp-json\/wp\/v2\/product_cat?post=32957"},{"taxonomy":"product_tag","embeddable":true,"href":"https:\/\/imprimeideas.es\/en\/wp-json\/wp\/v2\/product_tag?post=32957"}],"curies":[{"name":"wp","href":"https:\/\/api.w.org\/{rel}","templated":true}]}}