{"id":32945,"date":"2026-02-24T11:05:14","date_gmt":"2026-02-24T10:05:14","guid":{"rendered":"https:\/\/imprimeideas.es\/?post_type=product&p=32945"},"modified":"2026-02-25T15:57:52","modified_gmt":"2026-02-25T14:57:52","slug":"altavoz-morals","status":"publish","type":"product","link":"https:\/\/imprimeideas.es\/en\/product\/altavoz-morals\/","title":{"rendered":"Altavoz Morals"},"content":{"rendered":"<p>Altavoz de conexi\u00f3n Bluetooth. De atrevido dise\u00f1o bicolor y suave acabado, con conexi\u00f3n Bluetooth 3.0, ofrece 3W de potencia, tiene funci\u00f3n de manos libres, una ranura para tarjetas mini SD de hasta 32 GB de capacidad, funci\u00f3n radio FM, entrada auxiliar de l\u00ednea mediante conexi\u00f3n jack de 3,5mm y soportes de goma antideslizantes en la base. Compatible con iOS y Android, incluye cable de carga mini USB, cable auxiliar jack de 3,5mm y viene presentado en atractiva caja de dise\u00f1o.<\/p>","protected":false},"excerpt":{"rendered":"<p>Conexi\u00f3n Bluetooth. Potencia Sonido 3W. Bater\u00eda 300 mAh<\/p>","protected":false},"featured_media":66345,"comment_status":"open","ping_status":"open","template":"","meta":{"inline_featured_image":false},"product_brand":[],"product_cat":[128,95],"product_tag":[],"class_list":{"0":"post-32945","1":"product","2":"type-product","3":"status-publish","4":"has-post-thumbnail","6":"product_cat-outlet","7":"product_cat-tecnologia-y-accesorios","9":"first","10":"outofstock","11":"taxable","12":"shipping-taxable","13":"purchasable","14":"product-type-variable","15":"has-default-attributes"},"aioseo_notices":[],"_links":{"self":[{"href":"https:\/\/imprimeideas.es\/en\/wp-json\/wp\/v2\/product\/32945","targetHints":{"allow":["GET"]}}],"collection":[{"href":"https:\/\/imprimeideas.es\/en\/wp-json\/wp\/v2\/product"}],"about":[{"href":"https:\/\/imprimeideas.es\/en\/wp-json\/wp\/v2\/types\/product"}],"replies":[{"embeddable":true,"href":"https:\/\/imprimeideas.es\/en\/wp-json\/wp\/v2\/comments?post=32945"}],"version-history":[{"count":1,"href":"https:\/\/imprimeideas.es\/en\/wp-json\/wp\/v2\/product\/32945\/revisions"}],"predecessor-version":[{"id":59676,"href":"https:\/\/imprimeideas.es\/en\/wp-json\/wp\/v2\/product\/32945\/revisions\/59676"}],"wp:featuredmedia":[{"embeddable":true,"href":"https:\/\/imprimeideas.es\/en\/wp-json\/wp\/v2\/media\/66345"}],"wp:attachment":[{"href":"https:\/\/imprimeideas.es\/en\/wp-json\/wp\/v2\/media?parent=32945"}],"wp:term":[{"taxonomy":"product_brand","embeddable":true,"href":"https:\/\/imprimeideas.es\/en\/wp-json\/wp\/v2\/product_brand?post=32945"},{"taxonomy":"product_cat","embeddable":true,"href":"https:\/\/imprimeideas.es\/en\/wp-json\/wp\/v2\/product_cat?post=32945"},{"taxonomy":"product_tag","embeddable":true,"href":"https:\/\/imprimeideas.es\/en\/wp-json\/wp\/v2\/product_tag?post=32945"}],"curies":[{"name":"wp","href":"https:\/\/api.w.org\/{rel}","templated":true}]}}