{"id":32937,"date":"2026-02-24T11:05:13","date_gmt":"2026-02-24T10:05:13","guid":{"rendered":"https:\/\/imprimeideas.es\/?post_type=product&p=32937"},"modified":"2026-02-26T18:42:33","modified_gmt":"2026-02-26T17:42:33","slug":"auriculares-markiz","status":"publish","type":"product","link":"https:\/\/imprimeideas.es\/en\/product\/auriculares-markiz\/","title":{"rendered":"Auriculares Markiz"},"content":{"rendered":"<p>Confortable cinta de forro polar con auriculares integrados. El c\u00e1lido tacto del forro polar y el cable de conexi\u00f3n jack de 3,5mm hacen de esta cinta el gadget id\u00f3neo para disfrutar de los contenidos multimedia de la manera m\u00e1s c\u00f3moda. Presentados en atractiva caja de dise\u00f1o.<\/p>","protected":false},"excerpt":{"rendered":"<p>Conexi\u00f3n Jack 3,5 mm<\/p>","protected":false},"featured_media":83382,"comment_status":"open","ping_status":"open","template":"","meta":{"inline_featured_image":false},"product_brand":[],"product_cat":[128,95],"product_tag":[],"class_list":{"0":"post-32937","1":"product","2":"type-product","3":"status-publish","4":"has-post-thumbnail","6":"product_cat-outlet","7":"product_cat-tecnologia-y-accesorios","9":"first","10":"instock","11":"taxable","12":"shipping-taxable","13":"purchasable","14":"product-type-variable","15":"has-default-attributes"},"aioseo_notices":[],"_links":{"self":[{"href":"https:\/\/imprimeideas.es\/en\/wp-json\/wp\/v2\/product\/32937","targetHints":{"allow":["GET"]}}],"collection":[{"href":"https:\/\/imprimeideas.es\/en\/wp-json\/wp\/v2\/product"}],"about":[{"href":"https:\/\/imprimeideas.es\/en\/wp-json\/wp\/v2\/types\/product"}],"replies":[{"embeddable":true,"href":"https:\/\/imprimeideas.es\/en\/wp-json\/wp\/v2\/comments?post=32937"}],"version-history":[{"count":1,"href":"https:\/\/imprimeideas.es\/en\/wp-json\/wp\/v2\/product\/32937\/revisions"}],"predecessor-version":[{"id":59674,"href":"https:\/\/imprimeideas.es\/en\/wp-json\/wp\/v2\/product\/32937\/revisions\/59674"}],"wp:featuredmedia":[{"embeddable":true,"href":"https:\/\/imprimeideas.es\/en\/wp-json\/wp\/v2\/media\/83382"}],"wp:attachment":[{"href":"https:\/\/imprimeideas.es\/en\/wp-json\/wp\/v2\/media?parent=32937"}],"wp:term":[{"taxonomy":"product_brand","embeddable":true,"href":"https:\/\/imprimeideas.es\/en\/wp-json\/wp\/v2\/product_brand?post=32937"},{"taxonomy":"product_cat","embeddable":true,"href":"https:\/\/imprimeideas.es\/en\/wp-json\/wp\/v2\/product_cat?post=32937"},{"taxonomy":"product_tag","embeddable":true,"href":"https:\/\/imprimeideas.es\/en\/wp-json\/wp\/v2\/product_tag?post=32937"}],"curies":[{"name":"wp","href":"https:\/\/api.w.org\/{rel}","templated":true}]}}