{"id":32919,"date":"2026-02-24T11:05:12","date_gmt":"2026-02-24T10:05:12","guid":{"rendered":"https:\/\/imprimeideas.es\/?post_type=product&p=32919"},"modified":"2026-02-26T18:03:12","modified_gmt":"2026-02-26T17:03:12","slug":"guante-tactil-pigun","status":"publish","type":"product","link":"https:\/\/imprimeideas.es\/en\/product\/guante-tactil-pigun\/","title":{"rendered":"Guante T\u00e1ctil Pigun"},"content":{"rendered":"<p>Pr\u00e1ctico par de guantes de ni\u00f1o para dispositivos con pantalla t\u00e1ctil, de suave acabalado acr\u00edlico y en divertidos colores. Integran puntero en dedos coraz\u00f3n, \u00edndice y pulgar. Talla \u00fanica.<\/p>","protected":false},"excerpt":{"rendered":"<p>Talla \u00danica. Ni\u00f1o<\/p>","protected":false},"featured_media":81954,"comment_status":"open","ping_status":"open","template":"","meta":{"inline_featured_image":false},"product_brand":[],"product_cat":[108,118,95],"product_tag":[],"class_list":{"0":"post-32919","1":"product","2":"type-product","3":"status-publish","4":"has-post-thumbnail","6":"product_cat-infantil","7":"product_cat-lluvia-y-frio","8":"product_cat-tecnologia-y-accesorios","10":"first","11":"instock","12":"taxable","13":"shipping-taxable","14":"purchasable","15":"product-type-variable","16":"has-default-attributes"},"aioseo_notices":[],"_links":{"self":[{"href":"https:\/\/imprimeideas.es\/en\/wp-json\/wp\/v2\/product\/32919","targetHints":{"allow":["GET"]}}],"collection":[{"href":"https:\/\/imprimeideas.es\/en\/wp-json\/wp\/v2\/product"}],"about":[{"href":"https:\/\/imprimeideas.es\/en\/wp-json\/wp\/v2\/types\/product"}],"replies":[{"embeddable":true,"href":"https:\/\/imprimeideas.es\/en\/wp-json\/wp\/v2\/comments?post=32919"}],"version-history":[{"count":1,"href":"https:\/\/imprimeideas.es\/en\/wp-json\/wp\/v2\/product\/32919\/revisions"}],"predecessor-version":[{"id":59669,"href":"https:\/\/imprimeideas.es\/en\/wp-json\/wp\/v2\/product\/32919\/revisions\/59669"}],"wp:featuredmedia":[{"embeddable":true,"href":"https:\/\/imprimeideas.es\/en\/wp-json\/wp\/v2\/media\/81954"}],"wp:attachment":[{"href":"https:\/\/imprimeideas.es\/en\/wp-json\/wp\/v2\/media?parent=32919"}],"wp:term":[{"taxonomy":"product_brand","embeddable":true,"href":"https:\/\/imprimeideas.es\/en\/wp-json\/wp\/v2\/product_brand?post=32919"},{"taxonomy":"product_cat","embeddable":true,"href":"https:\/\/imprimeideas.es\/en\/wp-json\/wp\/v2\/product_cat?post=32919"},{"taxonomy":"product_tag","embeddable":true,"href":"https:\/\/imprimeideas.es\/en\/wp-json\/wp\/v2\/product_tag?post=32919"}],"curies":[{"name":"wp","href":"https:\/\/api.w.org\/{rel}","templated":true}]}}