{"id":32888,"date":"2026-02-24T11:05:10","date_gmt":"2026-02-24T10:05:10","guid":{"rendered":"https:\/\/imprimeideas.es\/?post_type=product&p=32888"},"modified":"2026-02-26T18:37:36","modified_gmt":"2026-02-26T17:37:36","slug":"boligrafo-puntero-betsi","status":"publish","type":"product","link":"https:\/\/imprimeideas.es\/en\/product\/boligrafo-puntero-betsi\/","title":{"rendered":"Bol\u00edgrafo Puntero Betsi"},"content":{"rendered":"<p>Bol\u00edgrafo puntero 3 en 1 de mecanismo pulsador retr\u00e1ctil, de actual dise\u00f1o y cuerpo de suave acabado metalizado en vivos colores. Con accesorios en negro y suave empu\u00f1adura ergon\u00f3mica en color negro con anillas a juego. De 3 cartuchos en tintas azul, roja y negra.<\/p>","protected":false},"excerpt":{"rendered":"<p>Escritura 3 Colores<\/p>","protected":false},"featured_media":71612,"comment_status":"open","ping_status":"open","template":"","meta":{"inline_featured_image":false},"product_brand":[],"product_cat":[100],"product_tag":[],"class_list":{"0":"post-32888","1":"product","2":"type-product","3":"status-publish","4":"has-post-thumbnail","6":"product_cat-escritura","8":"first","9":"instock","10":"taxable","11":"shipping-taxable","12":"purchasable","13":"product-type-variable","14":"has-default-attributes"},"aioseo_notices":[],"_links":{"self":[{"href":"https:\/\/imprimeideas.es\/en\/wp-json\/wp\/v2\/product\/32888","targetHints":{"allow":["GET"]}}],"collection":[{"href":"https:\/\/imprimeideas.es\/en\/wp-json\/wp\/v2\/product"}],"about":[{"href":"https:\/\/imprimeideas.es\/en\/wp-json\/wp\/v2\/types\/product"}],"replies":[{"embeddable":true,"href":"https:\/\/imprimeideas.es\/en\/wp-json\/wp\/v2\/comments?post=32888"}],"version-history":[{"count":1,"href":"https:\/\/imprimeideas.es\/en\/wp-json\/wp\/v2\/product\/32888\/revisions"}],"predecessor-version":[{"id":59663,"href":"https:\/\/imprimeideas.es\/en\/wp-json\/wp\/v2\/product\/32888\/revisions\/59663"}],"wp:featuredmedia":[{"embeddable":true,"href":"https:\/\/imprimeideas.es\/en\/wp-json\/wp\/v2\/media\/71612"}],"wp:attachment":[{"href":"https:\/\/imprimeideas.es\/en\/wp-json\/wp\/v2\/media?parent=32888"}],"wp:term":[{"taxonomy":"product_brand","embeddable":true,"href":"https:\/\/imprimeideas.es\/en\/wp-json\/wp\/v2\/product_brand?post=32888"},{"taxonomy":"product_cat","embeddable":true,"href":"https:\/\/imprimeideas.es\/en\/wp-json\/wp\/v2\/product_cat?post=32888"},{"taxonomy":"product_tag","embeddable":true,"href":"https:\/\/imprimeideas.es\/en\/wp-json\/wp\/v2\/product_tag?post=32888"}],"curies":[{"name":"wp","href":"https:\/\/api.w.org\/{rel}","templated":true}]}}