{"id":32880,"date":"2026-02-24T11:05:09","date_gmt":"2026-02-24T10:05:09","guid":{"rendered":"https:\/\/imprimeideas.es\/?post_type=product&p=32880"},"modified":"2026-02-26T18:19:12","modified_gmt":"2026-02-26T17:19:12","slug":"libreta-dienel","status":"publish","type":"product","link":"https:\/\/imprimeideas.es\/en\/product\/libreta-dienel\/","title":{"rendered":"Libreta Dienel"},"content":{"rendered":"<p>Libreta de dise\u00f1o cl\u00e1sico con tapas de cart\u00f3n en llamativos colores y de suave acabado. Con costuras a juego en lomo y 40 hojas lisas.<\/p>","protected":false},"excerpt":{"rendered":"<p>40 Hojas<\/p>","protected":false},"featured_media":69325,"comment_status":"open","ping_status":"open","template":"","meta":{"inline_featured_image":false},"product_brand":[],"product_cat":[108,96],"product_tag":[],"class_list":{"0":"post-32880","1":"product","2":"type-product","3":"status-publish","4":"has-post-thumbnail","6":"product_cat-infantil","7":"product_cat-oficina-y-negocios","9":"first","10":"instock","11":"taxable","12":"shipping-taxable","13":"purchasable","14":"product-type-variable","15":"has-default-attributes"},"aioseo_notices":[],"_links":{"self":[{"href":"https:\/\/imprimeideas.es\/en\/wp-json\/wp\/v2\/product\/32880","targetHints":{"allow":["GET"]}}],"collection":[{"href":"https:\/\/imprimeideas.es\/en\/wp-json\/wp\/v2\/product"}],"about":[{"href":"https:\/\/imprimeideas.es\/en\/wp-json\/wp\/v2\/types\/product"}],"replies":[{"embeddable":true,"href":"https:\/\/imprimeideas.es\/en\/wp-json\/wp\/v2\/comments?post=32880"}],"version-history":[{"count":1,"href":"https:\/\/imprimeideas.es\/en\/wp-json\/wp\/v2\/product\/32880\/revisions"}],"predecessor-version":[{"id":59661,"href":"https:\/\/imprimeideas.es\/en\/wp-json\/wp\/v2\/product\/32880\/revisions\/59661"}],"wp:featuredmedia":[{"embeddable":true,"href":"https:\/\/imprimeideas.es\/en\/wp-json\/wp\/v2\/media\/69325"}],"wp:attachment":[{"href":"https:\/\/imprimeideas.es\/en\/wp-json\/wp\/v2\/media?parent=32880"}],"wp:term":[{"taxonomy":"product_brand","embeddable":true,"href":"https:\/\/imprimeideas.es\/en\/wp-json\/wp\/v2\/product_brand?post=32880"},{"taxonomy":"product_cat","embeddable":true,"href":"https:\/\/imprimeideas.es\/en\/wp-json\/wp\/v2\/product_cat?post=32880"},{"taxonomy":"product_tag","embeddable":true,"href":"https:\/\/imprimeideas.es\/en\/wp-json\/wp\/v2\/product_tag?post=32880"}],"curies":[{"name":"wp","href":"https:\/\/api.w.org\/{rel}","templated":true}]}}