{"id":32808,"date":"2026-02-24T11:05:04","date_gmt":"2026-02-24T10:05:04","guid":{"rendered":"https:\/\/imprimeideas.es\/?post_type=product&p=32808"},"modified":"2026-02-26T18:27:59","modified_gmt":"2026-02-26T17:27:59","slug":"mochila-dinki","status":"publish","type":"product","link":"https:\/\/imprimeideas.es\/en\/product\/mochila-dinki\/","title":{"rendered":"Mochila Dinki"},"content":{"rendered":"<p>Mochila de cuerdas para ni\u00f1o en suave poli\u00e9ster 210D de vivos colores. Con cuerdas autocierre en color negro y esquinas con argollas met\u00e1licas de refuerzo.<\/p>","protected":false},"excerpt":{"rendered":"<p>Mochila de cuerdas para ni\u00f1o en suave poli\u00e9ster 210D de vivos colores. Con cuerdas autocierre en color negro y esquinas<\/p>","protected":false},"featured_media":77293,"comment_status":"open","ping_status":"open","template":"","meta":{"inline_featured_image":false},"product_brand":[],"product_cat":[108,94],"product_tag":[],"class_list":{"0":"post-32808","1":"product","2":"type-product","3":"status-publish","4":"has-post-thumbnail","6":"product_cat-infantil","7":"product_cat-mochilas","9":"first","10":"instock","11":"taxable","12":"shipping-taxable","13":"purchasable","14":"product-type-variable","15":"has-default-attributes"},"aioseo_notices":[],"_links":{"self":[{"href":"https:\/\/imprimeideas.es\/en\/wp-json\/wp\/v2\/product\/32808","targetHints":{"allow":["GET"]}}],"collection":[{"href":"https:\/\/imprimeideas.es\/en\/wp-json\/wp\/v2\/product"}],"about":[{"href":"https:\/\/imprimeideas.es\/en\/wp-json\/wp\/v2\/types\/product"}],"replies":[{"embeddable":true,"href":"https:\/\/imprimeideas.es\/en\/wp-json\/wp\/v2\/comments?post=32808"}],"version-history":[{"count":1,"href":"https:\/\/imprimeideas.es\/en\/wp-json\/wp\/v2\/product\/32808\/revisions"}],"predecessor-version":[{"id":59648,"href":"https:\/\/imprimeideas.es\/en\/wp-json\/wp\/v2\/product\/32808\/revisions\/59648"}],"wp:featuredmedia":[{"embeddable":true,"href":"https:\/\/imprimeideas.es\/en\/wp-json\/wp\/v2\/media\/77293"}],"wp:attachment":[{"href":"https:\/\/imprimeideas.es\/en\/wp-json\/wp\/v2\/media?parent=32808"}],"wp:term":[{"taxonomy":"product_brand","embeddable":true,"href":"https:\/\/imprimeideas.es\/en\/wp-json\/wp\/v2\/product_brand?post=32808"},{"taxonomy":"product_cat","embeddable":true,"href":"https:\/\/imprimeideas.es\/en\/wp-json\/wp\/v2\/product_cat?post=32808"},{"taxonomy":"product_tag","embeddable":true,"href":"https:\/\/imprimeideas.es\/en\/wp-json\/wp\/v2\/product_tag?post=32808"}],"curies":[{"name":"wp","href":"https:\/\/api.w.org\/{rel}","templated":true}]}}