{"id":32806,"date":"2026-02-24T11:05:04","date_gmt":"2026-02-24T10:05:04","guid":{"rendered":"https:\/\/imprimeideas.es\/?post_type=product&p=32806"},"modified":"2026-02-26T18:13:56","modified_gmt":"2026-02-26T17:13:56","slug":"roll-up-drentox","status":"publish","type":"product","link":"https:\/\/imprimeideas.es\/en\/product\/roll-up-drentox\/","title":{"rendered":"Roll Up Drentox"},"content":{"rendered":"<p>Panel de impresi\u00f3n roll up de 85x200cm en resistente polipropileno de alta densidad especialmente dise\u00f1ado para marcaje a todo color. Con soportes de aluminio y gancho de sujeci\u00f3n. Presentaci\u00f3n enrollado en funda de tela.<\/p>","protected":false},"excerpt":{"rendered":"<p>Funda Poli\u00e9ster<\/p>","protected":false},"featured_media":63462,"comment_status":"open","ping_status":"open","template":"","meta":{"inline_featured_image":false},"product_brand":[],"product_cat":[113],"product_tag":[],"class_list":{"0":"post-32806","1":"product","2":"type-product","3":"status-publish","4":"has-post-thumbnail","6":"product_cat-eventos-y-fiesta","8":"first","9":"instock","10":"taxable","11":"shipping-taxable","12":"purchasable","13":"product-type-variable","14":"has-default-attributes"},"aioseo_notices":[],"_links":{"self":[{"href":"https:\/\/imprimeideas.es\/en\/wp-json\/wp\/v2\/product\/32806","targetHints":{"allow":["GET"]}}],"collection":[{"href":"https:\/\/imprimeideas.es\/en\/wp-json\/wp\/v2\/product"}],"about":[{"href":"https:\/\/imprimeideas.es\/en\/wp-json\/wp\/v2\/types\/product"}],"replies":[{"embeddable":true,"href":"https:\/\/imprimeideas.es\/en\/wp-json\/wp\/v2\/comments?post=32806"}],"version-history":[{"count":1,"href":"https:\/\/imprimeideas.es\/en\/wp-json\/wp\/v2\/product\/32806\/revisions"}],"predecessor-version":[{"id":59645,"href":"https:\/\/imprimeideas.es\/en\/wp-json\/wp\/v2\/product\/32806\/revisions\/59645"}],"wp:featuredmedia":[{"embeddable":true,"href":"https:\/\/imprimeideas.es\/en\/wp-json\/wp\/v2\/media\/63462"}],"wp:attachment":[{"href":"https:\/\/imprimeideas.es\/en\/wp-json\/wp\/v2\/media?parent=32806"}],"wp:term":[{"taxonomy":"product_brand","embeddable":true,"href":"https:\/\/imprimeideas.es\/en\/wp-json\/wp\/v2\/product_brand?post=32806"},{"taxonomy":"product_cat","embeddable":true,"href":"https:\/\/imprimeideas.es\/en\/wp-json\/wp\/v2\/product_cat?post=32806"},{"taxonomy":"product_tag","embeddable":true,"href":"https:\/\/imprimeideas.es\/en\/wp-json\/wp\/v2\/product_tag?post=32806"}],"curies":[{"name":"wp","href":"https:\/\/api.w.org\/{rel}","templated":true}]}}