{"id":32804,"date":"2026-02-24T11:05:04","date_gmt":"2026-02-24T10:05:04","guid":{"rendered":"https:\/\/imprimeideas.es\/?post_type=product&p=32804"},"modified":"2026-02-26T18:19:39","modified_gmt":"2026-02-26T17:19:39","slug":"x-banner-lessep","status":"publish","type":"product","link":"https:\/\/imprimeideas.es\/en\/product\/x-banner-lessep\/","title":{"rendered":"X-Banner Lessep"},"content":{"rendered":"<p>Soporte para panel de impresi\u00f3n X-banner de 60x160cm. Con barras de sujeci\u00f3n extra resistentes en fibra de vidrio. Presentaci\u00f3n en funda individual.<\/p>","protected":false},"excerpt":{"rendered":"<p>Funda Non-Woven<\/p>","protected":false},"featured_media":84971,"comment_status":"open","ping_status":"open","template":"","meta":{"inline_featured_image":false},"product_brand":[],"product_cat":[113],"product_tag":[],"class_list":{"0":"post-32804","1":"product","2":"type-product","3":"status-publish","4":"has-post-thumbnail","6":"product_cat-eventos-y-fiesta","8":"first","9":"instock","10":"taxable","11":"shipping-taxable","12":"purchasable","13":"product-type-variable","14":"has-default-attributes"},"aioseo_notices":[],"_links":{"self":[{"href":"https:\/\/imprimeideas.es\/en\/wp-json\/wp\/v2\/product\/32804","targetHints":{"allow":["GET"]}}],"collection":[{"href":"https:\/\/imprimeideas.es\/en\/wp-json\/wp\/v2\/product"}],"about":[{"href":"https:\/\/imprimeideas.es\/en\/wp-json\/wp\/v2\/types\/product"}],"replies":[{"embeddable":true,"href":"https:\/\/imprimeideas.es\/en\/wp-json\/wp\/v2\/comments?post=32804"}],"version-history":[{"count":1,"href":"https:\/\/imprimeideas.es\/en\/wp-json\/wp\/v2\/product\/32804\/revisions"}],"predecessor-version":[{"id":59644,"href":"https:\/\/imprimeideas.es\/en\/wp-json\/wp\/v2\/product\/32804\/revisions\/59644"}],"wp:featuredmedia":[{"embeddable":true,"href":"https:\/\/imprimeideas.es\/en\/wp-json\/wp\/v2\/media\/84971"}],"wp:attachment":[{"href":"https:\/\/imprimeideas.es\/en\/wp-json\/wp\/v2\/media?parent=32804"}],"wp:term":[{"taxonomy":"product_brand","embeddable":true,"href":"https:\/\/imprimeideas.es\/en\/wp-json\/wp\/v2\/product_brand?post=32804"},{"taxonomy":"product_cat","embeddable":true,"href":"https:\/\/imprimeideas.es\/en\/wp-json\/wp\/v2\/product_cat?post=32804"},{"taxonomy":"product_tag","embeddable":true,"href":"https:\/\/imprimeideas.es\/en\/wp-json\/wp\/v2\/product_tag?post=32804"}],"curies":[{"name":"wp","href":"https:\/\/api.w.org\/{rel}","templated":true}]}}