{"id":32793,"date":"2026-02-24T11:05:03","date_gmt":"2026-02-24T10:05:03","guid":{"rendered":"https:\/\/imprimeideas.es\/?post_type=product&p=32793"},"modified":"2026-02-26T18:37:29","modified_gmt":"2026-02-26T17:37:29","slug":"portadocumentos-zestar","status":"publish","type":"product","link":"https:\/\/imprimeideas.es\/en\/product\/portadocumentos-zestar\/","title":{"rendered":"Portadocumentos Zestar"},"content":{"rendered":"<p>Portadocumentos de cierre de cremallera en elegante poli\u00e9ster 600D de color gris. Con bolsillo exterior con cierre de velcro, c\u00f3modas asas reforzadas, cinta bandolera ajustable con cierre de mosquet\u00f3n y accesorio en parte trasera para acople en barra de trolley.<\/p>","protected":false},"excerpt":{"rendered":"<p>Portadocumentos de cierre de cremallera en elegante poli\u00e9ster 600D de color gris. Con bolsillo exterior con cierre de velcro, c\u00f3modas<\/p>","protected":false},"featured_media":66365,"comment_status":"open","ping_status":"open","template":"","meta":{"inline_featured_image":false},"product_brand":[],"product_cat":[96],"product_tag":[],"class_list":{"0":"post-32793","1":"product","2":"type-product","3":"status-publish","4":"has-post-thumbnail","6":"product_cat-oficina-y-negocios","8":"first","9":"outofstock","10":"taxable","11":"shipping-taxable","12":"purchasable","13":"product-type-variable","14":"has-default-attributes"},"aioseo_notices":[],"_links":{"self":[{"href":"https:\/\/imprimeideas.es\/en\/wp-json\/wp\/v2\/product\/32793","targetHints":{"allow":["GET"]}}],"collection":[{"href":"https:\/\/imprimeideas.es\/en\/wp-json\/wp\/v2\/product"}],"about":[{"href":"https:\/\/imprimeideas.es\/en\/wp-json\/wp\/v2\/types\/product"}],"replies":[{"embeddable":true,"href":"https:\/\/imprimeideas.es\/en\/wp-json\/wp\/v2\/comments?post=32793"}],"version-history":[{"count":1,"href":"https:\/\/imprimeideas.es\/en\/wp-json\/wp\/v2\/product\/32793\/revisions"}],"predecessor-version":[{"id":59642,"href":"https:\/\/imprimeideas.es\/en\/wp-json\/wp\/v2\/product\/32793\/revisions\/59642"}],"wp:featuredmedia":[{"embeddable":true,"href":"https:\/\/imprimeideas.es\/en\/wp-json\/wp\/v2\/media\/66365"}],"wp:attachment":[{"href":"https:\/\/imprimeideas.es\/en\/wp-json\/wp\/v2\/media?parent=32793"}],"wp:term":[{"taxonomy":"product_brand","embeddable":true,"href":"https:\/\/imprimeideas.es\/en\/wp-json\/wp\/v2\/product_brand?post=32793"},{"taxonomy":"product_cat","embeddable":true,"href":"https:\/\/imprimeideas.es\/en\/wp-json\/wp\/v2\/product_cat?post=32793"},{"taxonomy":"product_tag","embeddable":true,"href":"https:\/\/imprimeideas.es\/en\/wp-json\/wp\/v2\/product_tag?post=32793"}],"curies":[{"name":"wp","href":"https:\/\/api.w.org\/{rel}","templated":true}]}}