{"id":32712,"date":"2026-02-24T11:04:40","date_gmt":"2026-02-24T10:04:40","guid":{"rendered":"https:\/\/imprimeideas.es\/?post_type=product&p=32712"},"modified":"2026-02-26T18:45:07","modified_gmt":"2026-02-26T17:45:07","slug":"set-marden","status":"publish","type":"product","link":"https:\/\/imprimeideas.es\/en\/product\/set-marden\/","title":{"rendered":"Set Marden"},"content":{"rendered":"<p>Set de bloc de notas con tapas de suave tacto acabadas en polipiel y bol\u00edgrafo de suave cuerpo a juego. De 100 hojas lisas con el\u00e1stico de sujeci\u00f3n y marcap\u00e1ginas de tela a juego. Presentado en elegante estuche de cart\u00f3n blanco troquelado. Bol\u00edgrafo en tinta azul.<\/p>","protected":false},"excerpt":{"rendered":"<p>Bloc Portada R\u00edgida. 100 Hojas. Bol\u00edgrafo Incluido<\/p>","protected":false},"featured_media":82635,"comment_status":"open","ping_status":"open","template":"","meta":{"inline_featured_image":false},"product_brand":[],"product_cat":[96],"product_tag":[],"class_list":{"0":"post-32712","1":"product","2":"type-product","3":"status-publish","4":"has-post-thumbnail","6":"product_cat-oficina-y-negocios","8":"first","9":"instock","10":"taxable","11":"shipping-taxable","12":"purchasable","13":"product-type-variable","14":"has-default-attributes"},"aioseo_notices":[],"_links":{"self":[{"href":"https:\/\/imprimeideas.es\/en\/wp-json\/wp\/v2\/product\/32712","targetHints":{"allow":["GET"]}}],"collection":[{"href":"https:\/\/imprimeideas.es\/en\/wp-json\/wp\/v2\/product"}],"about":[{"href":"https:\/\/imprimeideas.es\/en\/wp-json\/wp\/v2\/types\/product"}],"replies":[{"embeddable":true,"href":"https:\/\/imprimeideas.es\/en\/wp-json\/wp\/v2\/comments?post=32712"}],"version-history":[{"count":1,"href":"https:\/\/imprimeideas.es\/en\/wp-json\/wp\/v2\/product\/32712\/revisions"}],"predecessor-version":[{"id":59632,"href":"https:\/\/imprimeideas.es\/en\/wp-json\/wp\/v2\/product\/32712\/revisions\/59632"}],"wp:featuredmedia":[{"embeddable":true,"href":"https:\/\/imprimeideas.es\/en\/wp-json\/wp\/v2\/media\/82635"}],"wp:attachment":[{"href":"https:\/\/imprimeideas.es\/en\/wp-json\/wp\/v2\/media?parent=32712"}],"wp:term":[{"taxonomy":"product_brand","embeddable":true,"href":"https:\/\/imprimeideas.es\/en\/wp-json\/wp\/v2\/product_brand?post=32712"},{"taxonomy":"product_cat","embeddable":true,"href":"https:\/\/imprimeideas.es\/en\/wp-json\/wp\/v2\/product_cat?post=32712"},{"taxonomy":"product_tag","embeddable":true,"href":"https:\/\/imprimeideas.es\/en\/wp-json\/wp\/v2\/product_tag?post=32712"}],"curies":[{"name":"wp","href":"https:\/\/api.w.org\/{rel}","templated":true}]}}