{"id":32688,"date":"2026-02-24T11:04:38","date_gmt":"2026-02-24T10:04:38","guid":{"rendered":"https:\/\/imprimeideas.es\/?post_type=product&p=32688"},"modified":"2026-02-26T18:42:36","modified_gmt":"2026-02-26T17:42:36","slug":"soporte-smaner","status":"publish","type":"product","link":"https:\/\/imprimeideas.es\/en\/product\/soporte-smaner\/","title":{"rendered":"Soporte Smaner"},"content":{"rendered":"<p>Soporte de suave silicona para dispositivo m\u00f3vil. Original dise\u00f1o en llamativos colores y sistema de fijaci\u00f3n mediante ventosa, mecanismo desplegable y presentado en atractiva bolsa de dise\u00f1o.<\/p>","protected":false},"excerpt":{"rendered":"<p>Adhesivo<\/p>","protected":false},"featured_media":83921,"comment_status":"open","ping_status":"open","template":"","meta":{"inline_featured_image":false},"product_brand":[],"product_cat":[128],"product_tag":[],"class_list":{"0":"post-32688","1":"product","2":"type-product","3":"status-publish","4":"has-post-thumbnail","6":"product_cat-outlet","8":"first","9":"outofstock","10":"taxable","11":"shipping-taxable","12":"purchasable","13":"product-type-variable","14":"has-default-attributes"},"aioseo_notices":[],"_links":{"self":[{"href":"https:\/\/imprimeideas.es\/en\/wp-json\/wp\/v2\/product\/32688","targetHints":{"allow":["GET"]}}],"collection":[{"href":"https:\/\/imprimeideas.es\/en\/wp-json\/wp\/v2\/product"}],"about":[{"href":"https:\/\/imprimeideas.es\/en\/wp-json\/wp\/v2\/types\/product"}],"replies":[{"embeddable":true,"href":"https:\/\/imprimeideas.es\/en\/wp-json\/wp\/v2\/comments?post=32688"}],"version-history":[{"count":1,"href":"https:\/\/imprimeideas.es\/en\/wp-json\/wp\/v2\/product\/32688\/revisions"}],"predecessor-version":[{"id":59625,"href":"https:\/\/imprimeideas.es\/en\/wp-json\/wp\/v2\/product\/32688\/revisions\/59625"}],"wp:featuredmedia":[{"embeddable":true,"href":"https:\/\/imprimeideas.es\/en\/wp-json\/wp\/v2\/media\/83921"}],"wp:attachment":[{"href":"https:\/\/imprimeideas.es\/en\/wp-json\/wp\/v2\/media?parent=32688"}],"wp:term":[{"taxonomy":"product_brand","embeddable":true,"href":"https:\/\/imprimeideas.es\/en\/wp-json\/wp\/v2\/product_brand?post=32688"},{"taxonomy":"product_cat","embeddable":true,"href":"https:\/\/imprimeideas.es\/en\/wp-json\/wp\/v2\/product_cat?post=32688"},{"taxonomy":"product_tag","embeddable":true,"href":"https:\/\/imprimeideas.es\/en\/wp-json\/wp\/v2\/product_tag?post=32688"}],"curies":[{"name":"wp","href":"https:\/\/api.w.org\/{rel}","templated":true}]}}