{"id":32661,"date":"2026-02-24T11:04:36","date_gmt":"2026-02-24T10:04:36","guid":{"rendered":"https:\/\/imprimeideas.es\/?post_type=product&p=32661"},"modified":"2026-02-26T18:42:24","modified_gmt":"2026-02-26T17:42:24","slug":"boligrafo-clexton","status":"publish","type":"product","link":"https:\/\/imprimeideas.es\/en\/product\/boligrafo-clexton\/","title":{"rendered":"Bol\u00edgrafo Clexton"},"content":{"rendered":"<p>Bol\u00edgrafo de mecanismo pulsador de atrevido dise\u00f1o bicolor con accesorios en color plateado y cuerpo de suave acabado en divertidos colores s\u00f3lidos. Con original clip met\u00e1lico troquelado a juego y c\u00f3moda empu\u00f1adura. Tinta azul.<\/p>","protected":false},"excerpt":{"rendered":"<p>Bol\u00edgrafo de mecanismo pulsador de atrevido dise\u00f1o bicolor con accesorios en color plateado y cuerpo de suave acabado en divertidos<\/p>","protected":false},"featured_media":73693,"comment_status":"open","ping_status":"open","template":"","meta":{"inline_featured_image":false},"product_brand":[],"product_cat":[100],"product_tag":[],"class_list":{"0":"post-32661","1":"product","2":"type-product","3":"status-publish","4":"has-post-thumbnail","6":"product_cat-escritura","8":"first","9":"instock","10":"taxable","11":"shipping-taxable","12":"purchasable","13":"product-type-variable","14":"has-default-attributes"},"aioseo_notices":[],"_links":{"self":[{"href":"https:\/\/imprimeideas.es\/en\/wp-json\/wp\/v2\/product\/32661","targetHints":{"allow":["GET"]}}],"collection":[{"href":"https:\/\/imprimeideas.es\/en\/wp-json\/wp\/v2\/product"}],"about":[{"href":"https:\/\/imprimeideas.es\/en\/wp-json\/wp\/v2\/types\/product"}],"replies":[{"embeddable":true,"href":"https:\/\/imprimeideas.es\/en\/wp-json\/wp\/v2\/comments?post=32661"}],"version-history":[{"count":1,"href":"https:\/\/imprimeideas.es\/en\/wp-json\/wp\/v2\/product\/32661\/revisions"}],"predecessor-version":[{"id":59621,"href":"https:\/\/imprimeideas.es\/en\/wp-json\/wp\/v2\/product\/32661\/revisions\/59621"}],"wp:featuredmedia":[{"embeddable":true,"href":"https:\/\/imprimeideas.es\/en\/wp-json\/wp\/v2\/media\/73693"}],"wp:attachment":[{"href":"https:\/\/imprimeideas.es\/en\/wp-json\/wp\/v2\/media?parent=32661"}],"wp:term":[{"taxonomy":"product_brand","embeddable":true,"href":"https:\/\/imprimeideas.es\/en\/wp-json\/wp\/v2\/product_brand?post=32661"},{"taxonomy":"product_cat","embeddable":true,"href":"https:\/\/imprimeideas.es\/en\/wp-json\/wp\/v2\/product_cat?post=32661"},{"taxonomy":"product_tag","embeddable":true,"href":"https:\/\/imprimeideas.es\/en\/wp-json\/wp\/v2\/product_tag?post=32661"}],"curies":[{"name":"wp","href":"https:\/\/api.w.org\/{rel}","templated":true}]}}