{"id":32639,"date":"2026-02-24T11:04:34","date_gmt":"2026-02-24T10:04:34","guid":{"rendered":"https:\/\/imprimeideas.es\/?post_type=product&p=32639"},"modified":"2026-02-26T18:42:38","modified_gmt":"2026-02-26T17:42:38","slug":"soporte-perch","status":"publish","type":"product","link":"https:\/\/imprimeideas.es\/en\/product\/soporte-perch\/","title":{"rendered":"Soporte Perch"},"content":{"rendered":"<p>Soporte de manillar giratorio 360\u00ba para smartphone, en desenfadado dise\u00f1o bicolor y amplia gama de colores. Con s\u00f3lida goma de fijaci\u00f3n y sistema de almohadillas en el soporte para as\u00ed ofrecer un \u00f3ptimo ajuste y protecci\u00f3n del smartphone.<\/p>","protected":false},"excerpt":{"rendered":"<p>Ajustable<\/p>","protected":false},"featured_media":86258,"comment_status":"open","ping_status":"open","template":"","meta":{"inline_featured_image":false},"product_brand":[],"product_cat":[101,104],"product_tag":[],"class_list":{"0":"post-32639","1":"product","2":"type-product","3":"status-publish","4":"has-post-thumbnail","6":"product_cat-deporte-y-aventura","7":"product_cat-hogar-y-decoracion","9":"first","10":"instock","11":"taxable","12":"shipping-taxable","13":"purchasable","14":"product-type-variable","15":"has-default-attributes"},"aioseo_notices":[],"_links":{"self":[{"href":"https:\/\/imprimeideas.es\/en\/wp-json\/wp\/v2\/product\/32639","targetHints":{"allow":["GET"]}}],"collection":[{"href":"https:\/\/imprimeideas.es\/en\/wp-json\/wp\/v2\/product"}],"about":[{"href":"https:\/\/imprimeideas.es\/en\/wp-json\/wp\/v2\/types\/product"}],"replies":[{"embeddable":true,"href":"https:\/\/imprimeideas.es\/en\/wp-json\/wp\/v2\/comments?post=32639"}],"version-history":[{"count":1,"href":"https:\/\/imprimeideas.es\/en\/wp-json\/wp\/v2\/product\/32639\/revisions"}],"predecessor-version":[{"id":59618,"href":"https:\/\/imprimeideas.es\/en\/wp-json\/wp\/v2\/product\/32639\/revisions\/59618"}],"wp:featuredmedia":[{"embeddable":true,"href":"https:\/\/imprimeideas.es\/en\/wp-json\/wp\/v2\/media\/86258"}],"wp:attachment":[{"href":"https:\/\/imprimeideas.es\/en\/wp-json\/wp\/v2\/media?parent=32639"}],"wp:term":[{"taxonomy":"product_brand","embeddable":true,"href":"https:\/\/imprimeideas.es\/en\/wp-json\/wp\/v2\/product_brand?post=32639"},{"taxonomy":"product_cat","embeddable":true,"href":"https:\/\/imprimeideas.es\/en\/wp-json\/wp\/v2\/product_cat?post=32639"},{"taxonomy":"product_tag","embeddable":true,"href":"https:\/\/imprimeideas.es\/en\/wp-json\/wp\/v2\/product_tag?post=32639"}],"curies":[{"name":"wp","href":"https:\/\/api.w.org\/{rel}","templated":true}]}}