{"id":32628,"date":"2026-02-24T11:04:34","date_gmt":"2026-02-24T10:04:34","guid":{"rendered":"https:\/\/imprimeideas.es\/?post_type=product&p=32628"},"modified":"2026-02-26T18:03:10","modified_gmt":"2026-02-26T17:03:10","slug":"llavero-persal","status":"publish","type":"product","link":"https:\/\/imprimeideas.es\/en\/product\/llavero-persal\/","title":{"rendered":"Llavero Persal"},"content":{"rendered":"<p>Llavero de acero inox en dise\u00f1o bicolor de variados colores y especialmente dise\u00f1ado para marcaje en l\u00e1ser.<\/p>","protected":false},"excerpt":{"rendered":"<p>Llavero de acero inox en dise\u00f1o bicolor de variados colores y especialmente dise\u00f1ado para marcaje en l\u00e1ser.<\/p>","protected":false},"featured_media":38966,"comment_status":"open","ping_status":"open","template":"","meta":{"inline_featured_image":false},"product_brand":[],"product_cat":[106],"product_tag":[],"class_list":{"0":"post-32628","1":"product","2":"type-product","3":"status-publish","4":"has-post-thumbnail","6":"product_cat-regalos-y-premiums","8":"first","9":"instock","10":"taxable","11":"shipping-taxable","12":"purchasable","13":"product-type-variable","14":"has-default-attributes"},"aioseo_notices":[],"_links":{"self":[{"href":"https:\/\/imprimeideas.es\/en\/wp-json\/wp\/v2\/product\/32628","targetHints":{"allow":["GET"]}}],"collection":[{"href":"https:\/\/imprimeideas.es\/en\/wp-json\/wp\/v2\/product"}],"about":[{"href":"https:\/\/imprimeideas.es\/en\/wp-json\/wp\/v2\/types\/product"}],"replies":[{"embeddable":true,"href":"https:\/\/imprimeideas.es\/en\/wp-json\/wp\/v2\/comments?post=32628"}],"version-history":[{"count":1,"href":"https:\/\/imprimeideas.es\/en\/wp-json\/wp\/v2\/product\/32628\/revisions"}],"predecessor-version":[{"id":59616,"href":"https:\/\/imprimeideas.es\/en\/wp-json\/wp\/v2\/product\/32628\/revisions\/59616"}],"wp:featuredmedia":[{"embeddable":true,"href":"https:\/\/imprimeideas.es\/en\/wp-json\/wp\/v2\/media\/38966"}],"wp:attachment":[{"href":"https:\/\/imprimeideas.es\/en\/wp-json\/wp\/v2\/media?parent=32628"}],"wp:term":[{"taxonomy":"product_brand","embeddable":true,"href":"https:\/\/imprimeideas.es\/en\/wp-json\/wp\/v2\/product_brand?post=32628"},{"taxonomy":"product_cat","embeddable":true,"href":"https:\/\/imprimeideas.es\/en\/wp-json\/wp\/v2\/product_cat?post=32628"},{"taxonomy":"product_tag","embeddable":true,"href":"https:\/\/imprimeideas.es\/en\/wp-json\/wp\/v2\/product_tag?post=32628"}],"curies":[{"name":"wp","href":"https:\/\/api.w.org\/{rel}","templated":true}]}}