{"id":32626,"date":"2026-02-24T11:04:34","date_gmt":"2026-02-24T10:04:34","guid":{"rendered":"https:\/\/imprimeideas.es\/?post_type=product&p=32626"},"modified":"2026-02-26T18:19:31","modified_gmt":"2026-02-26T17:19:31","slug":"bidon-termico-zolop","status":"publish","type":"product","link":"https:\/\/imprimeideas.es\/en\/product\/bidon-termico-zolop\/","title":{"rendered":"Bid\u00f3n T\u00e9rmico Zolop"},"content":{"rendered":"<p>Botella t\u00e9rmica de acero inox de 850ml de capacidad en acabado brillante. Con tap\u00f3n de seguridad y presentada en atractiva caja de dise\u00f1o. Disponible manual de instrucciones en espa\u00f1ol e ingl\u00e9s.<\/p>","protected":false},"excerpt":{"rendered":"<p>850 ml<\/p>","protected":false},"featured_media":79971,"comment_status":"open","ping_status":"open","template":"","meta":{"inline_featured_image":false},"product_brand":[],"product_cat":[97],"product_tag":[],"class_list":{"0":"post-32626","1":"product","2":"type-product","3":"status-publish","4":"has-post-thumbnail","6":"product_cat-tazas-jarras-y-termos","8":"first","9":"instock","10":"taxable","11":"shipping-taxable","12":"purchasable","13":"product-type-variable","14":"has-default-attributes"},"aioseo_notices":[],"_links":{"self":[{"href":"https:\/\/imprimeideas.es\/en\/wp-json\/wp\/v2\/product\/32626","targetHints":{"allow":["GET"]}}],"collection":[{"href":"https:\/\/imprimeideas.es\/en\/wp-json\/wp\/v2\/product"}],"about":[{"href":"https:\/\/imprimeideas.es\/en\/wp-json\/wp\/v2\/types\/product"}],"replies":[{"embeddable":true,"href":"https:\/\/imprimeideas.es\/en\/wp-json\/wp\/v2\/comments?post=32626"}],"version-history":[{"count":1,"href":"https:\/\/imprimeideas.es\/en\/wp-json\/wp\/v2\/product\/32626\/revisions"}],"predecessor-version":[{"id":59615,"href":"https:\/\/imprimeideas.es\/en\/wp-json\/wp\/v2\/product\/32626\/revisions\/59615"}],"wp:featuredmedia":[{"embeddable":true,"href":"https:\/\/imprimeideas.es\/en\/wp-json\/wp\/v2\/media\/79971"}],"wp:attachment":[{"href":"https:\/\/imprimeideas.es\/en\/wp-json\/wp\/v2\/media?parent=32626"}],"wp:term":[{"taxonomy":"product_brand","embeddable":true,"href":"https:\/\/imprimeideas.es\/en\/wp-json\/wp\/v2\/product_brand?post=32626"},{"taxonomy":"product_cat","embeddable":true,"href":"https:\/\/imprimeideas.es\/en\/wp-json\/wp\/v2\/product_cat?post=32626"},{"taxonomy":"product_tag","embeddable":true,"href":"https:\/\/imprimeideas.es\/en\/wp-json\/wp\/v2\/product_tag?post=32626"}],"curies":[{"name":"wp","href":"https:\/\/api.w.org\/{rel}","templated":true}]}}