{"id":32614,"date":"2026-02-24T11:04:33","date_gmt":"2026-02-24T10:04:33","guid":{"rendered":"https:\/\/imprimeideas.es\/?post_type=product&p=32614"},"modified":"2026-02-26T18:13:55","modified_gmt":"2026-02-26T17:13:55","slug":"boligrafo-soporte-finex","status":"publish","type":"product","link":"https:\/\/imprimeideas.es\/en\/product\/boligrafo-soporte-finex\/","title":{"rendered":"Bol\u00edgrafo Soporte Finex"},"content":{"rendered":"<p>Bol\u00edgrafo puntero multifunci\u00f3n de mecanismo pulsador en desenfadados colores y con clip de doble funci\u00f3n especialmente dise\u00f1ado para servir como soporte para dispositivo m\u00f3vil y tambi\u00e9n como limpiador de pantalla. Con cuerpo en acabado metalizado, especialmente dise\u00f1ado para marcaje en tampograf\u00eda y tinta negra.<\/p>","protected":false},"excerpt":{"rendered":"<p>Tinta Negra. Limpiapantallas Incluido<\/p>","protected":false},"featured_media":64227,"comment_status":"open","ping_status":"open","template":"","meta":{"inline_featured_image":false},"product_brand":[],"product_cat":[100],"product_tag":[],"class_list":{"0":"post-32614","1":"product","2":"type-product","3":"status-publish","4":"has-post-thumbnail","6":"product_cat-escritura","8":"first","9":"instock","10":"taxable","11":"shipping-taxable","12":"purchasable","13":"product-type-variable","14":"has-default-attributes"},"aioseo_notices":[],"_links":{"self":[{"href":"https:\/\/imprimeideas.es\/en\/wp-json\/wp\/v2\/product\/32614","targetHints":{"allow":["GET"]}}],"collection":[{"href":"https:\/\/imprimeideas.es\/en\/wp-json\/wp\/v2\/product"}],"about":[{"href":"https:\/\/imprimeideas.es\/en\/wp-json\/wp\/v2\/types\/product"}],"replies":[{"embeddable":true,"href":"https:\/\/imprimeideas.es\/en\/wp-json\/wp\/v2\/comments?post=32614"}],"version-history":[{"count":1,"href":"https:\/\/imprimeideas.es\/en\/wp-json\/wp\/v2\/product\/32614\/revisions"}],"predecessor-version":[{"id":59612,"href":"https:\/\/imprimeideas.es\/en\/wp-json\/wp\/v2\/product\/32614\/revisions\/59612"}],"wp:featuredmedia":[{"embeddable":true,"href":"https:\/\/imprimeideas.es\/en\/wp-json\/wp\/v2\/media\/64227"}],"wp:attachment":[{"href":"https:\/\/imprimeideas.es\/en\/wp-json\/wp\/v2\/media?parent=32614"}],"wp:term":[{"taxonomy":"product_brand","embeddable":true,"href":"https:\/\/imprimeideas.es\/en\/wp-json\/wp\/v2\/product_brand?post=32614"},{"taxonomy":"product_cat","embeddable":true,"href":"https:\/\/imprimeideas.es\/en\/wp-json\/wp\/v2\/product_cat?post=32614"},{"taxonomy":"product_tag","embeddable":true,"href":"https:\/\/imprimeideas.es\/en\/wp-json\/wp\/v2\/product_tag?post=32614"}],"curies":[{"name":"wp","href":"https:\/\/api.w.org\/{rel}","templated":true}]}}