{"id":32581,"date":"2026-02-24T11:04:31","date_gmt":"2026-02-24T10:04:31","guid":{"rendered":"https:\/\/imprimeideas.es\/?post_type=product&p=32581"},"modified":"2026-02-26T18:19:37","modified_gmt":"2026-02-26T17:19:37","slug":"altavoz-martins","status":"publish","type":"product","link":"https:\/\/imprimeideas.es\/en\/product\/altavoz-martins\/","title":{"rendered":"Altavoz Martins"},"content":{"rendered":"<p>Compacto altavoz con conexi\u00f3n Bluetooth 5.0 Y 3W de potencia.Funci\u00f3n manos libres, ranura para tarjetas mini SD de hasta 64 GB de capacidad, funci\u00f3n radio FM y entrada auxiliar de l\u00ednea mediante conexi\u00f3n jack de 3,5mm. Con soportes de goma antideslizantes en la base. Compatible con iOS y Android, incluye cable de carga y cable auxiliar jack de 3,5mm. Presentado en atractiva caja de dise\u00f1o, con manual de instrucciones en espa\u00f1ol e ingl\u00e9s. Disponible en extensa gama de colores metalizados.<\/p>","protected":false},"excerpt":{"rendered":"<p>Conexi\u00f3n Bluetooth. Potencia Sonido 3W. Bater\u00eda 300 mAh<\/p>","protected":false},"featured_media":84588,"comment_status":"open","ping_status":"open","template":"","meta":{"inline_featured_image":false},"product_brand":[],"product_cat":[95],"product_tag":[],"class_list":{"0":"post-32581","1":"product","2":"type-product","3":"status-publish","4":"has-post-thumbnail","6":"product_cat-tecnologia-y-accesorios","8":"first","9":"instock","10":"taxable","11":"shipping-taxable","12":"purchasable","13":"product-type-variable","14":"has-default-attributes"},"aioseo_notices":[],"_links":{"self":[{"href":"https:\/\/imprimeideas.es\/en\/wp-json\/wp\/v2\/product\/32581","targetHints":{"allow":["GET"]}}],"collection":[{"href":"https:\/\/imprimeideas.es\/en\/wp-json\/wp\/v2\/product"}],"about":[{"href":"https:\/\/imprimeideas.es\/en\/wp-json\/wp\/v2\/types\/product"}],"replies":[{"embeddable":true,"href":"https:\/\/imprimeideas.es\/en\/wp-json\/wp\/v2\/comments?post=32581"}],"version-history":[{"count":1,"href":"https:\/\/imprimeideas.es\/en\/wp-json\/wp\/v2\/product\/32581\/revisions"}],"predecessor-version":[{"id":59607,"href":"https:\/\/imprimeideas.es\/en\/wp-json\/wp\/v2\/product\/32581\/revisions\/59607"}],"wp:featuredmedia":[{"embeddable":true,"href":"https:\/\/imprimeideas.es\/en\/wp-json\/wp\/v2\/media\/84588"}],"wp:attachment":[{"href":"https:\/\/imprimeideas.es\/en\/wp-json\/wp\/v2\/media?parent=32581"}],"wp:term":[{"taxonomy":"product_brand","embeddable":true,"href":"https:\/\/imprimeideas.es\/en\/wp-json\/wp\/v2\/product_brand?post=32581"},{"taxonomy":"product_cat","embeddable":true,"href":"https:\/\/imprimeideas.es\/en\/wp-json\/wp\/v2\/product_cat?post=32581"},{"taxonomy":"product_tag","embeddable":true,"href":"https:\/\/imprimeideas.es\/en\/wp-json\/wp\/v2\/product_tag?post=32581"}],"curies":[{"name":"wp","href":"https:\/\/api.w.org\/{rel}","templated":true}]}}