{"id":32560,"date":"2026-02-24T11:04:29","date_gmt":"2026-02-24T10:04:29","guid":{"rendered":"https:\/\/imprimeideas.es\/?post_type=product&p=32560"},"modified":"2026-02-26T18:37:35","modified_gmt":"2026-02-26T17:37:35","slug":"manta-termica-quint","status":"publish","type":"product","link":"https:\/\/imprimeideas.es\/en\/product\/manta-termica-quint\/","title":{"rendered":"Manta T\u00e9rmica Quint"},"content":{"rendered":"<p>Manta t\u00e9rmica de material t\u00e9cnico impermeable y corta vientos con interior de aluminio. De f\u00e1cil plegado y dise\u00f1ada para actividades deportivas y de ocio.<\/p>","protected":false},"excerpt":{"rendered":"<p>Manta t\u00e9rmica de material t\u00e9cnico impermeable y corta vientos con interior de aluminio. De f\u00e1cil plegado y dise\u00f1ada para actividades<\/p>","protected":false},"featured_media":60987,"comment_status":"open","ping_status":"open","template":"","meta":{"inline_featured_image":false},"product_brand":[],"product_cat":[101,102],"product_tag":[],"class_list":{"0":"post-32560","1":"product","2":"type-product","3":"status-publish","4":"has-post-thumbnail","6":"product_cat-deporte-y-aventura","7":"product_cat-ocio-y-tiempo-libre","9":"first","10":"instock","11":"taxable","12":"shipping-taxable","13":"purchasable","14":"product-type-variable","15":"has-default-attributes"},"aioseo_notices":[],"_links":{"self":[{"href":"https:\/\/imprimeideas.es\/en\/wp-json\/wp\/v2\/product\/32560","targetHints":{"allow":["GET"]}}],"collection":[{"href":"https:\/\/imprimeideas.es\/en\/wp-json\/wp\/v2\/product"}],"about":[{"href":"https:\/\/imprimeideas.es\/en\/wp-json\/wp\/v2\/types\/product"}],"replies":[{"embeddable":true,"href":"https:\/\/imprimeideas.es\/en\/wp-json\/wp\/v2\/comments?post=32560"}],"version-history":[{"count":1,"href":"https:\/\/imprimeideas.es\/en\/wp-json\/wp\/v2\/product\/32560\/revisions"}],"predecessor-version":[{"id":59602,"href":"https:\/\/imprimeideas.es\/en\/wp-json\/wp\/v2\/product\/32560\/revisions\/59602"}],"wp:featuredmedia":[{"embeddable":true,"href":"https:\/\/imprimeideas.es\/en\/wp-json\/wp\/v2\/media\/60987"}],"wp:attachment":[{"href":"https:\/\/imprimeideas.es\/en\/wp-json\/wp\/v2\/media?parent=32560"}],"wp:term":[{"taxonomy":"product_brand","embeddable":true,"href":"https:\/\/imprimeideas.es\/en\/wp-json\/wp\/v2\/product_brand?post=32560"},{"taxonomy":"product_cat","embeddable":true,"href":"https:\/\/imprimeideas.es\/en\/wp-json\/wp\/v2\/product_cat?post=32560"},{"taxonomy":"product_tag","embeddable":true,"href":"https:\/\/imprimeideas.es\/en\/wp-json\/wp\/v2\/product_tag?post=32560"}],"curies":[{"name":"wp","href":"https:\/\/api.w.org\/{rel}","templated":true}]}}