{"id":32558,"date":"2026-02-24T11:04:29","date_gmt":"2026-02-24T10:04:29","guid":{"rendered":"https:\/\/imprimeideas.es\/?post_type=product&p=32558"},"modified":"2026-02-26T18:03:11","modified_gmt":"2026-02-26T17:03:11","slug":"rinonera-portadorsal-rapik","status":"publish","type":"product","link":"https:\/\/imprimeideas.es\/en\/product\/rinonera-portadorsal-rapik\/","title":{"rendered":"Ri\u00f1onera Portadorsal Rapik"},"content":{"rendered":"<p>Ri\u00f1onera portadorsal de alta calidad y resistente a las salpicaduras de agua en spandex de suave acabado con cremallera en gris. Dise\u00f1ada para actividades deportivas y de ocio. El\u00e1sticos para dorsal con accesorios de ajuste y cintura el\u00e1stica con cierre de clic ajustable.<\/p>","protected":false},"excerpt":{"rendered":"<p>Ri\u00f1onera portadorsal de alta calidad y resistente a las salpicaduras de agua en spandex de suave acabado con cremallera en<\/p>","protected":false},"featured_media":81975,"comment_status":"open","ping_status":"open","template":"","meta":{"inline_featured_image":false},"product_brand":[],"product_cat":[101],"product_tag":[],"class_list":{"0":"post-32558","1":"product","2":"type-product","3":"status-publish","4":"has-post-thumbnail","6":"product_cat-deporte-y-aventura","8":"first","9":"outofstock","10":"taxable","11":"shipping-taxable","12":"purchasable","13":"product-type-variable","14":"has-default-attributes"},"aioseo_notices":[],"_links":{"self":[{"href":"https:\/\/imprimeideas.es\/en\/wp-json\/wp\/v2\/product\/32558","targetHints":{"allow":["GET"]}}],"collection":[{"href":"https:\/\/imprimeideas.es\/en\/wp-json\/wp\/v2\/product"}],"about":[{"href":"https:\/\/imprimeideas.es\/en\/wp-json\/wp\/v2\/types\/product"}],"replies":[{"embeddable":true,"href":"https:\/\/imprimeideas.es\/en\/wp-json\/wp\/v2\/comments?post=32558"}],"version-history":[{"count":1,"href":"https:\/\/imprimeideas.es\/en\/wp-json\/wp\/v2\/product\/32558\/revisions"}],"predecessor-version":[{"id":59601,"href":"https:\/\/imprimeideas.es\/en\/wp-json\/wp\/v2\/product\/32558\/revisions\/59601"}],"wp:featuredmedia":[{"embeddable":true,"href":"https:\/\/imprimeideas.es\/en\/wp-json\/wp\/v2\/media\/81975"}],"wp:attachment":[{"href":"https:\/\/imprimeideas.es\/en\/wp-json\/wp\/v2\/media?parent=32558"}],"wp:term":[{"taxonomy":"product_brand","embeddable":true,"href":"https:\/\/imprimeideas.es\/en\/wp-json\/wp\/v2\/product_brand?post=32558"},{"taxonomy":"product_cat","embeddable":true,"href":"https:\/\/imprimeideas.es\/en\/wp-json\/wp\/v2\/product_cat?post=32558"},{"taxonomy":"product_tag","embeddable":true,"href":"https:\/\/imprimeideas.es\/en\/wp-json\/wp\/v2\/product_tag?post=32558"}],"curies":[{"name":"wp","href":"https:\/\/api.w.org\/{rel}","templated":true}]}}