{"id":32556,"date":"2026-02-24T11:04:29","date_gmt":"2026-02-24T10:04:29","guid":{"rendered":"https:\/\/imprimeideas.es\/?post_type=product&p=32556"},"modified":"2026-02-26T18:23:25","modified_gmt":"2026-02-26T17:23:25","slug":"pantalon-deportivo-lowis","status":"publish","type":"product","link":"https:\/\/imprimeideas.es\/en\/product\/pantalon-deportivo-lowis\/","title":{"rendered":"Pantal\u00f3n Deportivo Lowis"},"content":{"rendered":"<p>Pantal\u00f3n malla deportiva de dise\u00f1o unisex en resistente y ligero material t\u00e9cnico, fabricado en combinaci\u00f3n de poli\u00e9ster y spandex de 180g\/m2. De tejido altamente transpirable, con costuras reforzadas y tiras reflectantes de alta visibilidad. Disponible en tallas S, M, L, XL.<\/p>","protected":false},"excerpt":{"rendered":"<p>Unisex<\/p>","protected":false},"featured_media":84195,"comment_status":"open","ping_status":"open","template":"","meta":{"inline_featured_image":false},"product_brand":[],"product_cat":[128,116],"product_tag":[],"class_list":{"0":"post-32556","1":"product","2":"type-product","3":"status-publish","4":"has-post-thumbnail","6":"product_cat-outlet","7":"product_cat-textil","9":"first","10":"outofstock","11":"taxable","12":"shipping-taxable","13":"purchasable","14":"product-type-variable","15":"has-default-attributes"},"aioseo_notices":[],"_links":{"self":[{"href":"https:\/\/imprimeideas.es\/en\/wp-json\/wp\/v2\/product\/32556","targetHints":{"allow":["GET"]}}],"collection":[{"href":"https:\/\/imprimeideas.es\/en\/wp-json\/wp\/v2\/product"}],"about":[{"href":"https:\/\/imprimeideas.es\/en\/wp-json\/wp\/v2\/types\/product"}],"replies":[{"embeddable":true,"href":"https:\/\/imprimeideas.es\/en\/wp-json\/wp\/v2\/comments?post=32556"}],"version-history":[{"count":1,"href":"https:\/\/imprimeideas.es\/en\/wp-json\/wp\/v2\/product\/32556\/revisions"}],"predecessor-version":[{"id":59600,"href":"https:\/\/imprimeideas.es\/en\/wp-json\/wp\/v2\/product\/32556\/revisions\/59600"}],"wp:featuredmedia":[{"embeddable":true,"href":"https:\/\/imprimeideas.es\/en\/wp-json\/wp\/v2\/media\/84195"}],"wp:attachment":[{"href":"https:\/\/imprimeideas.es\/en\/wp-json\/wp\/v2\/media?parent=32556"}],"wp:term":[{"taxonomy":"product_brand","embeddable":true,"href":"https:\/\/imprimeideas.es\/en\/wp-json\/wp\/v2\/product_brand?post=32556"},{"taxonomy":"product_cat","embeddable":true,"href":"https:\/\/imprimeideas.es\/en\/wp-json\/wp\/v2\/product_cat?post=32556"},{"taxonomy":"product_tag","embeddable":true,"href":"https:\/\/imprimeideas.es\/en\/wp-json\/wp\/v2\/product_tag?post=32556"}],"curies":[{"name":"wp","href":"https:\/\/api.w.org\/{rel}","templated":true}]}}