{"id":32463,"date":"2026-02-24T11:04:23","date_gmt":"2026-02-24T10:04:23","guid":{"rendered":"https:\/\/imprimeideas.es\/?post_type=product&p=32463"},"modified":"2026-02-26T18:19:25","modified_gmt":"2026-02-26T17:19:25","slug":"tarro-gorex","status":"publish","type":"product","link":"https:\/\/imprimeideas.es\/en\/product\/tarro-gorex\/","title":{"rendered":"Tarro Gorex"},"content":{"rendered":"<p>Tarro de 710ml de capacidad en resistente PP especialmente dise\u00f1ado para l\u00edquidos. En variada gama en vivos colores, tapadera transl\u00facida con 4 cierres, anilla de seguridad interior y dosificador integrado. Asa ergon\u00f3mica a juego<\/p>","protected":false},"excerpt":{"rendered":"<p>710 ml<\/p>","protected":false},"featured_media":32947,"comment_status":"open","ping_status":"open","template":"","meta":{"inline_featured_image":false},"product_brand":[],"product_cat":[104,128,98,97],"product_tag":[],"class_list":{"0":"post-32463","1":"product","2":"type-product","3":"status-publish","4":"has-post-thumbnail","6":"product_cat-hogar-y-decoracion","7":"product_cat-outlet","8":"product_cat-take-away","9":"product_cat-tazas-jarras-y-termos","11":"first","12":"instock","13":"taxable","14":"shipping-taxable","15":"purchasable","16":"product-type-variable","17":"has-default-attributes"},"aioseo_notices":[],"_links":{"self":[{"href":"https:\/\/imprimeideas.es\/en\/wp-json\/wp\/v2\/product\/32463","targetHints":{"allow":["GET"]}}],"collection":[{"href":"https:\/\/imprimeideas.es\/en\/wp-json\/wp\/v2\/product"}],"about":[{"href":"https:\/\/imprimeideas.es\/en\/wp-json\/wp\/v2\/types\/product"}],"replies":[{"embeddable":true,"href":"https:\/\/imprimeideas.es\/en\/wp-json\/wp\/v2\/comments?post=32463"}],"version-history":[{"count":1,"href":"https:\/\/imprimeideas.es\/en\/wp-json\/wp\/v2\/product\/32463\/revisions"}],"predecessor-version":[{"id":59586,"href":"https:\/\/imprimeideas.es\/en\/wp-json\/wp\/v2\/product\/32463\/revisions\/59586"}],"wp:featuredmedia":[{"embeddable":true,"href":"https:\/\/imprimeideas.es\/en\/wp-json\/wp\/v2\/media\/32947"}],"wp:attachment":[{"href":"https:\/\/imprimeideas.es\/en\/wp-json\/wp\/v2\/media?parent=32463"}],"wp:term":[{"taxonomy":"product_brand","embeddable":true,"href":"https:\/\/imprimeideas.es\/en\/wp-json\/wp\/v2\/product_brand?post=32463"},{"taxonomy":"product_cat","embeddable":true,"href":"https:\/\/imprimeideas.es\/en\/wp-json\/wp\/v2\/product_cat?post=32463"},{"taxonomy":"product_tag","embeddable":true,"href":"https:\/\/imprimeideas.es\/en\/wp-json\/wp\/v2\/product_tag?post=32463"}],"curies":[{"name":"wp","href":"https:\/\/api.w.org\/{rel}","templated":true}]}}