{"id":32450,"date":"2026-02-24T11:04:22","date_gmt":"2026-02-24T10:04:22","guid":{"rendered":"https:\/\/imprimeideas.es\/?post_type=product&p=32450"},"modified":"2026-02-26T18:19:31","modified_gmt":"2026-02-26T17:19:31","slug":"portatodo-kirot","status":"publish","type":"product","link":"https:\/\/imprimeideas.es\/en\/product\/portatodo-kirot\/","title":{"rendered":"Portatodo Kirot"},"content":{"rendered":"<p>Pr\u00e1ctico portatodo impermeable en PVC con funci\u00f3n t\u00e1ctil, dise\u00f1ado especialmente para tablets de hasta 9,7 pulgadas y doble sistema de seguridad para preservar la estanqueidad. Con solapa frontal en variada gama de colores.<\/p>","protected":false},"excerpt":{"rendered":"<p>Impermeable. Pantalla T\u00e1ctil<\/p>","protected":false},"featured_media":82282,"comment_status":"open","ping_status":"open","template":"","meta":{"inline_featured_image":false},"product_brand":[],"product_cat":[128,114],"product_tag":[],"class_list":{"0":"post-32450","1":"product","2":"type-product","3":"status-publish","4":"has-post-thumbnail","6":"product_cat-outlet","7":"product_cat-verano-y-playa","9":"first","10":"instock","11":"taxable","12":"shipping-taxable","13":"purchasable","14":"product-type-variable","15":"has-default-attributes"},"aioseo_notices":[],"_links":{"self":[{"href":"https:\/\/imprimeideas.es\/en\/wp-json\/wp\/v2\/product\/32450","targetHints":{"allow":["GET"]}}],"collection":[{"href":"https:\/\/imprimeideas.es\/en\/wp-json\/wp\/v2\/product"}],"about":[{"href":"https:\/\/imprimeideas.es\/en\/wp-json\/wp\/v2\/types\/product"}],"replies":[{"embeddable":true,"href":"https:\/\/imprimeideas.es\/en\/wp-json\/wp\/v2\/comments?post=32450"}],"version-history":[{"count":1,"href":"https:\/\/imprimeideas.es\/en\/wp-json\/wp\/v2\/product\/32450\/revisions"}],"predecessor-version":[{"id":59582,"href":"https:\/\/imprimeideas.es\/en\/wp-json\/wp\/v2\/product\/32450\/revisions\/59582"}],"wp:featuredmedia":[{"embeddable":true,"href":"https:\/\/imprimeideas.es\/en\/wp-json\/wp\/v2\/media\/82282"}],"wp:attachment":[{"href":"https:\/\/imprimeideas.es\/en\/wp-json\/wp\/v2\/media?parent=32450"}],"wp:term":[{"taxonomy":"product_brand","embeddable":true,"href":"https:\/\/imprimeideas.es\/en\/wp-json\/wp\/v2\/product_brand?post=32450"},{"taxonomy":"product_cat","embeddable":true,"href":"https:\/\/imprimeideas.es\/en\/wp-json\/wp\/v2\/product_cat?post=32450"},{"taxonomy":"product_tag","embeddable":true,"href":"https:\/\/imprimeideas.es\/en\/wp-json\/wp\/v2\/product_tag?post=32450"}],"curies":[{"name":"wp","href":"https:\/\/api.w.org\/{rel}","templated":true}]}}