{"id":32442,"date":"2026-02-24T11:04:21","date_gmt":"2026-02-24T10:04:21","guid":{"rendered":"https:\/\/imprimeideas.es\/?post_type=product&p=32442"},"modified":"2026-02-26T18:13:55","modified_gmt":"2026-02-26T17:13:55","slug":"monopod-kroper","status":"publish","type":"product","link":"https:\/\/imprimeideas.es\/en\/product\/monopod-kroper\/","title":{"rendered":"Monopod Kroper"},"content":{"rendered":"<p>Desenfadado palo selfie plegable de dise\u00f1o patentado con conexi\u00f3n jack de 3,5mm, sistema antigiro, confortable mango ergon\u00f3mico y disparador integrado. Recorrido de acero inox y sistema de almohadillas en el soporte para as\u00ed ofrecer un \u00f3ptimo ajuste y protecci\u00f3n del smartphone, adem\u00e1s de una tuerca de ajuste a fijar seg\u00fan la inclinaci\u00f3n que se desee, para as\u00ed hacerse selfies todav\u00eda m\u00e1s variados y divertidos. Compatible con todo tipo de smartphones y especialmente dise\u00f1ado para marcaje en tampograf\u00eda, con accesorios a juego y presentado en atractiva caja de dise\u00f1o.<\/p>","protected":false},"excerpt":{"rendered":"<p>Conexi\u00f3n Jack 3,5 mm. 7 Posiciones<\/p>","protected":false},"featured_media":74547,"comment_status":"open","ping_status":"open","template":"","meta":{"inline_featured_image":false},"product_brand":[],"product_cat":[128,95],"product_tag":[],"class_list":{"0":"post-32442","1":"product","2":"type-product","3":"status-publish","4":"has-post-thumbnail","6":"product_cat-outlet","7":"product_cat-tecnologia-y-accesorios","9":"first","10":"instock","11":"taxable","12":"shipping-taxable","13":"purchasable","14":"product-type-variable","15":"has-default-attributes"},"aioseo_notices":[],"_links":{"self":[{"href":"https:\/\/imprimeideas.es\/en\/wp-json\/wp\/v2\/product\/32442","targetHints":{"allow":["GET"]}}],"collection":[{"href":"https:\/\/imprimeideas.es\/en\/wp-json\/wp\/v2\/product"}],"about":[{"href":"https:\/\/imprimeideas.es\/en\/wp-json\/wp\/v2\/types\/product"}],"replies":[{"embeddable":true,"href":"https:\/\/imprimeideas.es\/en\/wp-json\/wp\/v2\/comments?post=32442"}],"version-history":[{"count":1,"href":"https:\/\/imprimeideas.es\/en\/wp-json\/wp\/v2\/product\/32442\/revisions"}],"predecessor-version":[{"id":59580,"href":"https:\/\/imprimeideas.es\/en\/wp-json\/wp\/v2\/product\/32442\/revisions\/59580"}],"wp:featuredmedia":[{"embeddable":true,"href":"https:\/\/imprimeideas.es\/en\/wp-json\/wp\/v2\/media\/74547"}],"wp:attachment":[{"href":"https:\/\/imprimeideas.es\/en\/wp-json\/wp\/v2\/media?parent=32442"}],"wp:term":[{"taxonomy":"product_brand","embeddable":true,"href":"https:\/\/imprimeideas.es\/en\/wp-json\/wp\/v2\/product_brand?post=32442"},{"taxonomy":"product_cat","embeddable":true,"href":"https:\/\/imprimeideas.es\/en\/wp-json\/wp\/v2\/product_cat?post=32442"},{"taxonomy":"product_tag","embeddable":true,"href":"https:\/\/imprimeideas.es\/en\/wp-json\/wp\/v2\/product_tag?post=32442"}],"curies":[{"name":"wp","href":"https:\/\/api.w.org\/{rel}","templated":true}]}}