{"id":32387,"date":"2026-02-24T11:04:18","date_gmt":"2026-02-24T10:04:18","guid":{"rendered":"https:\/\/imprimeideas.es\/?post_type=product&p=32387"},"modified":"2026-02-26T18:42:33","modified_gmt":"2026-02-26T17:42:33","slug":"difusor-aromatico-nailex","status":"publish","type":"product","link":"https:\/\/imprimeideas.es\/en\/product\/difusor-aromatico-nailex\/","title":{"rendered":"Difusor Arom\u00e1tico Nailex"},"content":{"rendered":"<p>Difusor arom\u00e1tico de agradable aroma jazm\u00edn. Incluye tarro de fragancia en cer\u00e1mica, palitos arom\u00e1ticos y tarro de cristal de 15ml con fragancia. Presentado en estuche individual con compartimentos independientes y ventana.<\/p>","protected":false},"excerpt":{"rendered":"<p>Aroma Jazm\u00edn. 15 ml<\/p>","protected":false},"featured_media":73488,"comment_status":"open","ping_status":"open","template":"","meta":{"inline_featured_image":false},"product_brand":[],"product_cat":[104,106],"product_tag":[],"class_list":{"0":"post-32387","1":"product","2":"type-product","3":"status-publish","4":"has-post-thumbnail","6":"product_cat-hogar-y-decoracion","7":"product_cat-regalos-y-premiums","9":"first","10":"instock","11":"taxable","12":"shipping-taxable","13":"purchasable","14":"product-type-variable","15":"has-default-attributes"},"aioseo_notices":[],"_links":{"self":[{"href":"https:\/\/imprimeideas.es\/en\/wp-json\/wp\/v2\/product\/32387","targetHints":{"allow":["GET"]}}],"collection":[{"href":"https:\/\/imprimeideas.es\/en\/wp-json\/wp\/v2\/product"}],"about":[{"href":"https:\/\/imprimeideas.es\/en\/wp-json\/wp\/v2\/types\/product"}],"replies":[{"embeddable":true,"href":"https:\/\/imprimeideas.es\/en\/wp-json\/wp\/v2\/comments?post=32387"}],"version-history":[{"count":1,"href":"https:\/\/imprimeideas.es\/en\/wp-json\/wp\/v2\/product\/32387\/revisions"}],"predecessor-version":[{"id":59573,"href":"https:\/\/imprimeideas.es\/en\/wp-json\/wp\/v2\/product\/32387\/revisions\/59573"}],"wp:featuredmedia":[{"embeddable":true,"href":"https:\/\/imprimeideas.es\/en\/wp-json\/wp\/v2\/media\/73488"}],"wp:attachment":[{"href":"https:\/\/imprimeideas.es\/en\/wp-json\/wp\/v2\/media?parent=32387"}],"wp:term":[{"taxonomy":"product_brand","embeddable":true,"href":"https:\/\/imprimeideas.es\/en\/wp-json\/wp\/v2\/product_brand?post=32387"},{"taxonomy":"product_cat","embeddable":true,"href":"https:\/\/imprimeideas.es\/en\/wp-json\/wp\/v2\/product_cat?post=32387"},{"taxonomy":"product_tag","embeddable":true,"href":"https:\/\/imprimeideas.es\/en\/wp-json\/wp\/v2\/product_tag?post=32387"}],"curies":[{"name":"wp","href":"https:\/\/api.w.org\/{rel}","templated":true}]}}