{"id":32373,"date":"2026-02-24T11:04:17","date_gmt":"2026-02-24T10:04:17","guid":{"rendered":"https:\/\/imprimeideas.es\/?post_type=product&p=32373"},"modified":"2026-02-26T18:23:23","modified_gmt":"2026-02-26T17:23:23","slug":"banderin-rolof","status":"publish","type":"product","link":"https:\/\/imprimeideas.es\/en\/product\/banderin-rolof\/","title":{"rendered":"Bander\u00edn Rolof"},"content":{"rendered":"<p>Bander\u00edn de poli\u00e9ster. Con m\u00e1stil de 30 cm y bandera de 20 x 13,5 cm. Disponible en extensa gama de colores.<\/p>","protected":false},"excerpt":{"rendered":"<p>Bander\u00edn de poli\u00e9ster. Con m\u00e1stil de 30 cm y bandera de 20 x 13,5 cm. Disponible en extensa gama de<\/p>","protected":false},"featured_media":64812,"comment_status":"open","ping_status":"open","template":"","meta":{"inline_featured_image":false},"product_brand":[],"product_cat":[113],"product_tag":[],"class_list":{"0":"post-32373","1":"product","2":"type-product","3":"status-publish","4":"has-post-thumbnail","6":"product_cat-eventos-y-fiesta","8":"first","9":"instock","10":"taxable","11":"shipping-taxable","12":"purchasable","13":"product-type-variable","14":"has-default-attributes"},"aioseo_notices":[],"_links":{"self":[{"href":"https:\/\/imprimeideas.es\/en\/wp-json\/wp\/v2\/product\/32373","targetHints":{"allow":["GET"]}}],"collection":[{"href":"https:\/\/imprimeideas.es\/en\/wp-json\/wp\/v2\/product"}],"about":[{"href":"https:\/\/imprimeideas.es\/en\/wp-json\/wp\/v2\/types\/product"}],"replies":[{"embeddable":true,"href":"https:\/\/imprimeideas.es\/en\/wp-json\/wp\/v2\/comments?post=32373"}],"version-history":[{"count":1,"href":"https:\/\/imprimeideas.es\/en\/wp-json\/wp\/v2\/product\/32373\/revisions"}],"predecessor-version":[{"id":59571,"href":"https:\/\/imprimeideas.es\/en\/wp-json\/wp\/v2\/product\/32373\/revisions\/59571"}],"wp:featuredmedia":[{"embeddable":true,"href":"https:\/\/imprimeideas.es\/en\/wp-json\/wp\/v2\/media\/64812"}],"wp:attachment":[{"href":"https:\/\/imprimeideas.es\/en\/wp-json\/wp\/v2\/media?parent=32373"}],"wp:term":[{"taxonomy":"product_brand","embeddable":true,"href":"https:\/\/imprimeideas.es\/en\/wp-json\/wp\/v2\/product_brand?post=32373"},{"taxonomy":"product_cat","embeddable":true,"href":"https:\/\/imprimeideas.es\/en\/wp-json\/wp\/v2\/product_cat?post=32373"},{"taxonomy":"product_tag","embeddable":true,"href":"https:\/\/imprimeideas.es\/en\/wp-json\/wp\/v2\/product_tag?post=32373"}],"curies":[{"name":"wp","href":"https:\/\/api.w.org\/{rel}","templated":true}]}}