{"id":32333,"date":"2026-02-24T11:04:14","date_gmt":"2026-02-24T10:04:14","guid":{"rendered":"https:\/\/imprimeideas.es\/?post_type=product&p=32333"},"modified":"2026-02-26T18:37:37","modified_gmt":"2026-02-26T17:37:37","slug":"cinturon-lumbar-visser","status":"publish","type":"product","link":"https:\/\/imprimeideas.es\/en\/product\/cinturon-lumbar-visser\/","title":{"rendered":"Cintur\u00f3n Lumbar Visser"},"content":{"rendered":"<p>Cintur\u00f3n el\u00e1stico lumbar de 98 cm de largo y 18 de ancho. Alto poder de sujeci\u00f3n, con cierre ajustable en velcro de alta resistencia. Presentado en atractiva bolsa de dise\u00f1o con cart\u00f3n interior.<\/p>","protected":false},"excerpt":{"rendered":"<p>Cintur\u00f3n el\u00e1stico lumbar de 98 cm de largo y 18 de ancho. Alto poder de sujeci\u00f3n, con cierre ajustable en<\/p>","protected":false},"featured_media":74351,"comment_status":"open","ping_status":"open","template":"","meta":{"inline_featured_image":false},"product_brand":[],"product_cat":[128],"product_tag":[],"class_list":{"0":"post-32333","1":"product","2":"type-product","3":"status-publish","4":"has-post-thumbnail","6":"product_cat-outlet","8":"first","9":"instock","10":"taxable","11":"shipping-taxable","12":"purchasable","13":"product-type-variable","14":"has-default-attributes"},"aioseo_notices":[],"_links":{"self":[{"href":"https:\/\/imprimeideas.es\/en\/wp-json\/wp\/v2\/product\/32333","targetHints":{"allow":["GET"]}}],"collection":[{"href":"https:\/\/imprimeideas.es\/en\/wp-json\/wp\/v2\/product"}],"about":[{"href":"https:\/\/imprimeideas.es\/en\/wp-json\/wp\/v2\/types\/product"}],"replies":[{"embeddable":true,"href":"https:\/\/imprimeideas.es\/en\/wp-json\/wp\/v2\/comments?post=32333"}],"version-history":[{"count":1,"href":"https:\/\/imprimeideas.es\/en\/wp-json\/wp\/v2\/product\/32333\/revisions"}],"predecessor-version":[{"id":59562,"href":"https:\/\/imprimeideas.es\/en\/wp-json\/wp\/v2\/product\/32333\/revisions\/59562"}],"wp:featuredmedia":[{"embeddable":true,"href":"https:\/\/imprimeideas.es\/en\/wp-json\/wp\/v2\/media\/74351"}],"wp:attachment":[{"href":"https:\/\/imprimeideas.es\/en\/wp-json\/wp\/v2\/media?parent=32333"}],"wp:term":[{"taxonomy":"product_brand","embeddable":true,"href":"https:\/\/imprimeideas.es\/en\/wp-json\/wp\/v2\/product_brand?post=32333"},{"taxonomy":"product_cat","embeddable":true,"href":"https:\/\/imprimeideas.es\/en\/wp-json\/wp\/v2\/product_cat?post=32333"},{"taxonomy":"product_tag","embeddable":true,"href":"https:\/\/imprimeideas.es\/en\/wp-json\/wp\/v2\/product_tag?post=32333"}],"curies":[{"name":"wp","href":"https:\/\/api.w.org\/{rel}","templated":true}]}}