{"id":32282,"date":"2026-02-24T11:04:11","date_gmt":"2026-02-24T10:04:11","guid":{"rendered":"https:\/\/imprimeideas.es\/?post_type=product&p=32282"},"modified":"2026-02-26T18:13:57","modified_gmt":"2026-02-26T17:13:57","slug":"mochila-plegable-kissa","status":"publish","type":"product","link":"https:\/\/imprimeideas.es\/en\/product\/mochila-plegable-kissa\/","title":{"rendered":"Mochila Plegable Kissa"},"content":{"rendered":"<p>Mochila de cuerdas plegable para ni\u00f1o, en poli\u00e9ster 190T de alegre dise\u00f1o de animales y variada gama de colores. Con asa de transporte, cuerdas autocierre y refuerzos laterales a juego. Plegado de peque\u00f1o tama\u00f1o en forma de animalitos, con cuerda a juego y accesorio de ajuste.<\/p>","protected":false},"excerpt":{"rendered":"<p>Mochila de cuerdas plegable para ni\u00f1o, en poli\u00e9ster 190T de alegre dise\u00f1o de animales y variada gama de colores. Con<\/p>","protected":false},"featured_media":67450,"comment_status":"open","ping_status":"open","template":"","meta":{"inline_featured_image":false},"product_brand":[],"product_cat":[108,94],"product_tag":[],"class_list":{"0":"post-32282","1":"product","2":"type-product","3":"status-publish","4":"has-post-thumbnail","6":"product_cat-infantil","7":"product_cat-mochilas","9":"first","10":"instock","11":"taxable","12":"shipping-taxable","13":"purchasable","14":"product-type-variable","15":"has-default-attributes"},"aioseo_notices":[],"_links":{"self":[{"href":"https:\/\/imprimeideas.es\/en\/wp-json\/wp\/v2\/product\/32282","targetHints":{"allow":["GET"]}}],"collection":[{"href":"https:\/\/imprimeideas.es\/en\/wp-json\/wp\/v2\/product"}],"about":[{"href":"https:\/\/imprimeideas.es\/en\/wp-json\/wp\/v2\/types\/product"}],"replies":[{"embeddable":true,"href":"https:\/\/imprimeideas.es\/en\/wp-json\/wp\/v2\/comments?post=32282"}],"version-history":[{"count":1,"href":"https:\/\/imprimeideas.es\/en\/wp-json\/wp\/v2\/product\/32282\/revisions"}],"predecessor-version":[{"id":59556,"href":"https:\/\/imprimeideas.es\/en\/wp-json\/wp\/v2\/product\/32282\/revisions\/59556"}],"wp:featuredmedia":[{"embeddable":true,"href":"https:\/\/imprimeideas.es\/en\/wp-json\/wp\/v2\/media\/67450"}],"wp:attachment":[{"href":"https:\/\/imprimeideas.es\/en\/wp-json\/wp\/v2\/media?parent=32282"}],"wp:term":[{"taxonomy":"product_brand","embeddable":true,"href":"https:\/\/imprimeideas.es\/en\/wp-json\/wp\/v2\/product_brand?post=32282"},{"taxonomy":"product_cat","embeddable":true,"href":"https:\/\/imprimeideas.es\/en\/wp-json\/wp\/v2\/product_cat?post=32282"},{"taxonomy":"product_tag","embeddable":true,"href":"https:\/\/imprimeideas.es\/en\/wp-json\/wp\/v2\/product_tag?post=32282"}],"curies":[{"name":"wp","href":"https:\/\/api.w.org\/{rel}","templated":true}]}}