{"id":32220,"date":"2026-02-24T11:04:07","date_gmt":"2026-02-24T10:04:07","guid":{"rendered":"https:\/\/imprimeideas.es\/?post_type=product&p=32220"},"modified":"2026-02-26T18:19:37","modified_gmt":"2026-02-26T17:19:37","slug":"sudadera-tecnica-nino-theon","status":"publish","type":"product","link":"https:\/\/imprimeideas.es\/en\/product\/sudadera-tecnica-nino-theon\/","title":{"rendered":"Sudadera T\u00e9cnica Ni\u00f1o Theon"},"content":{"rendered":"<p>Sudadera t\u00e9cnica para ni\u00f1o unisex. Con capucha, cintas de ajuste, bolsillo tapete frontal y en material 100% poli\u00e9ster de 265g\/m2. Disponible en variada gama de vivos colores. Tallas 4-5, 6-8, 10-12.<\/p>","protected":false},"excerpt":{"rendered":"<p>Sudadera t\u00e9cnica para ni\u00f1o unisex. Con capucha, cintas de ajuste, bolsillo tapete frontal y en material 100% poli\u00e9ster de 265g\/m2.<\/p>","protected":false},"featured_media":64363,"comment_status":"open","ping_status":"open","template":"","meta":{"inline_featured_image":false},"product_brand":[],"product_cat":[128,116],"product_tag":[],"class_list":{"0":"post-32220","1":"product","2":"type-product","3":"status-publish","4":"has-post-thumbnail","6":"product_cat-outlet","7":"product_cat-textil","9":"first","10":"instock","11":"taxable","12":"shipping-taxable","13":"purchasable","14":"product-type-variable","15":"has-default-attributes"},"aioseo_notices":[],"_links":{"self":[{"href":"https:\/\/imprimeideas.es\/en\/wp-json\/wp\/v2\/product\/32220","targetHints":{"allow":["GET"]}}],"collection":[{"href":"https:\/\/imprimeideas.es\/en\/wp-json\/wp\/v2\/product"}],"about":[{"href":"https:\/\/imprimeideas.es\/en\/wp-json\/wp\/v2\/types\/product"}],"replies":[{"embeddable":true,"href":"https:\/\/imprimeideas.es\/en\/wp-json\/wp\/v2\/comments?post=32220"}],"version-history":[{"count":1,"href":"https:\/\/imprimeideas.es\/en\/wp-json\/wp\/v2\/product\/32220\/revisions"}],"predecessor-version":[{"id":59546,"href":"https:\/\/imprimeideas.es\/en\/wp-json\/wp\/v2\/product\/32220\/revisions\/59546"}],"wp:featuredmedia":[{"embeddable":true,"href":"https:\/\/imprimeideas.es\/en\/wp-json\/wp\/v2\/media\/64363"}],"wp:attachment":[{"href":"https:\/\/imprimeideas.es\/en\/wp-json\/wp\/v2\/media?parent=32220"}],"wp:term":[{"taxonomy":"product_brand","embeddable":true,"href":"https:\/\/imprimeideas.es\/en\/wp-json\/wp\/v2\/product_brand?post=32220"},{"taxonomy":"product_cat","embeddable":true,"href":"https:\/\/imprimeideas.es\/en\/wp-json\/wp\/v2\/product_cat?post=32220"},{"taxonomy":"product_tag","embeddable":true,"href":"https:\/\/imprimeideas.es\/en\/wp-json\/wp\/v2\/product_tag?post=32220"}],"curies":[{"name":"wp","href":"https:\/\/api.w.org\/{rel}","templated":true}]}}