{"id":32216,"date":"2026-02-24T11:04:06","date_gmt":"2026-02-24T10:04:06","guid":{"rendered":"https:\/\/imprimeideas.es\/?post_type=product&p=32216"},"modified":"2026-02-26T18:42:40","modified_gmt":"2026-02-26T17:42:40","slug":"sudadera-tecnica-nino-kroby","status":"publish","type":"product","link":"https:\/\/imprimeideas.es\/en\/product\/sudadera-tecnica-nino-kroby\/","title":{"rendered":"Sudadera T\u00e9cnica Ni\u00f1o Kroby"},"content":{"rendered":"<p>Sudadera t\u00e9cnica para ni\u00f1o unisex. En material 100% poli\u00e9ster de 265g\/m2. Disponible en variada gama de vivos colores. Tallas 4-5, 6-8, 10-12.<\/p>","protected":false},"excerpt":{"rendered":"<p>Sudadera t\u00e9cnica para ni\u00f1o unisex. En material 100% poli\u00e9ster de 265g\/m2. Disponible en variada gama de vivos colores. Tallas 4-5,<\/p>","protected":false},"featured_media":75278,"comment_status":"open","ping_status":"open","template":"","meta":{"inline_featured_image":false},"product_brand":[],"product_cat":[128,116],"product_tag":[],"class_list":{"0":"post-32216","1":"product","2":"type-product","3":"status-publish","4":"has-post-thumbnail","6":"product_cat-outlet","7":"product_cat-textil","9":"first","10":"instock","11":"taxable","12":"shipping-taxable","13":"purchasable","14":"product-type-variable","15":"has-default-attributes"},"aioseo_notices":[],"_links":{"self":[{"href":"https:\/\/imprimeideas.es\/en\/wp-json\/wp\/v2\/product\/32216","targetHints":{"allow":["GET"]}}],"collection":[{"href":"https:\/\/imprimeideas.es\/en\/wp-json\/wp\/v2\/product"}],"about":[{"href":"https:\/\/imprimeideas.es\/en\/wp-json\/wp\/v2\/types\/product"}],"replies":[{"embeddable":true,"href":"https:\/\/imprimeideas.es\/en\/wp-json\/wp\/v2\/comments?post=32216"}],"version-history":[{"count":1,"href":"https:\/\/imprimeideas.es\/en\/wp-json\/wp\/v2\/product\/32216\/revisions"}],"predecessor-version":[{"id":59545,"href":"https:\/\/imprimeideas.es\/en\/wp-json\/wp\/v2\/product\/32216\/revisions\/59545"}],"wp:featuredmedia":[{"embeddable":true,"href":"https:\/\/imprimeideas.es\/en\/wp-json\/wp\/v2\/media\/75278"}],"wp:attachment":[{"href":"https:\/\/imprimeideas.es\/en\/wp-json\/wp\/v2\/media?parent=32216"}],"wp:term":[{"taxonomy":"product_brand","embeddable":true,"href":"https:\/\/imprimeideas.es\/en\/wp-json\/wp\/v2\/product_brand?post=32216"},{"taxonomy":"product_cat","embeddable":true,"href":"https:\/\/imprimeideas.es\/en\/wp-json\/wp\/v2\/product_cat?post=32216"},{"taxonomy":"product_tag","embeddable":true,"href":"https:\/\/imprimeideas.es\/en\/wp-json\/wp\/v2\/product_tag?post=32216"}],"curies":[{"name":"wp","href":"https:\/\/api.w.org\/{rel}","templated":true}]}}