{"id":32151,"date":"2026-02-24T11:03:52","date_gmt":"2026-02-24T10:03:52","guid":{"rendered":"https:\/\/imprimeideas.es\/?post_type=product&p=32151"},"modified":"2026-02-26T18:37:35","modified_gmt":"2026-02-26T17:37:35","slug":"gorro-cocina-nilson","status":"publish","type":"product","link":"https:\/\/imprimeideas.es\/en\/product\/gorro-cocina-nilson\/","title":{"rendered":"Gorro Cocina Nilson"},"content":{"rendered":"<p>Gorro de cocina en suave y c\u00f3modo material TC -combinado de algod\u00f3n y poli\u00e9ster- en sobrios colores y con cinta ajustable.<\/p>","protected":false},"excerpt":{"rendered":"<p>Ajustable<\/p>","protected":false},"featured_media":63826,"comment_status":"open","ping_status":"open","template":"","meta":{"inline_featured_image":false},"product_brand":[],"product_cat":[105],"product_tag":[],"class_list":{"0":"post-32151","1":"product","2":"type-product","3":"status-publish","4":"has-post-thumbnail","6":"product_cat-vino-accesorios-de-bebida-y-hosteleria","8":"first","9":"instock","10":"taxable","11":"shipping-taxable","12":"purchasable","13":"product-type-variable","14":"has-default-attributes"},"aioseo_notices":[],"_links":{"self":[{"href":"https:\/\/imprimeideas.es\/en\/wp-json\/wp\/v2\/product\/32151","targetHints":{"allow":["GET"]}}],"collection":[{"href":"https:\/\/imprimeideas.es\/en\/wp-json\/wp\/v2\/product"}],"about":[{"href":"https:\/\/imprimeideas.es\/en\/wp-json\/wp\/v2\/types\/product"}],"replies":[{"embeddable":true,"href":"https:\/\/imprimeideas.es\/en\/wp-json\/wp\/v2\/comments?post=32151"}],"version-history":[{"count":1,"href":"https:\/\/imprimeideas.es\/en\/wp-json\/wp\/v2\/product\/32151\/revisions"}],"predecessor-version":[{"id":59536,"href":"https:\/\/imprimeideas.es\/en\/wp-json\/wp\/v2\/product\/32151\/revisions\/59536"}],"wp:featuredmedia":[{"embeddable":true,"href":"https:\/\/imprimeideas.es\/en\/wp-json\/wp\/v2\/media\/63826"}],"wp:attachment":[{"href":"https:\/\/imprimeideas.es\/en\/wp-json\/wp\/v2\/media?parent=32151"}],"wp:term":[{"taxonomy":"product_brand","embeddable":true,"href":"https:\/\/imprimeideas.es\/en\/wp-json\/wp\/v2\/product_brand?post=32151"},{"taxonomy":"product_cat","embeddable":true,"href":"https:\/\/imprimeideas.es\/en\/wp-json\/wp\/v2\/product_cat?post=32151"},{"taxonomy":"product_tag","embeddable":true,"href":"https:\/\/imprimeideas.es\/en\/wp-json\/wp\/v2\/product_tag?post=32151"}],"curies":[{"name":"wp","href":"https:\/\/api.w.org\/{rel}","templated":true}]}}