{"id":32132,"date":"2026-02-24T11:03:51","date_gmt":"2026-02-24T10:03:51","guid":{"rendered":"https:\/\/imprimeideas.es\/?post_type=product&p=32132"},"modified":"2026-02-26T18:23:24","modified_gmt":"2026-02-26T17:23:24","slug":"power-bank-thazer","status":"publish","type":"product","link":"https:\/\/imprimeideas.es\/en\/product\/power-bank-thazer\/","title":{"rendered":"Power Bank Thazer"},"content":{"rendered":"<p>Bater\u00eda auxiliar externa de aluminio con capacidad de carga de 2.200 mAh. Pr\u00e1ctico bot\u00f3n lateral con indicador LED de carga, f\u00e1cil de transportar gracias a su reducido tama\u00f1o y disponible en una amplia gama de colores. Especialmente dise\u00f1ada para impresi\u00f3n l\u00e1ser. Incluye cable micro USB y se presenta en una atractiva caja de dise\u00f1o.<\/p>","protected":false},"excerpt":{"rendered":"<p>2200 mAh. Salida USB. Salida y Entrada Tipo C<\/p>","protected":false},"featured_media":73890,"comment_status":"open","ping_status":"open","template":"","meta":{"inline_featured_image":false},"product_brand":[],"product_cat":[95],"product_tag":[],"class_list":{"0":"post-32132","1":"product","2":"type-product","3":"status-publish","4":"has-post-thumbnail","6":"product_cat-tecnologia-y-accesorios","8":"first","9":"instock","10":"taxable","11":"shipping-taxable","12":"purchasable","13":"product-type-variable","14":"has-default-attributes"},"aioseo_notices":[],"_links":{"self":[{"href":"https:\/\/imprimeideas.es\/en\/wp-json\/wp\/v2\/product\/32132","targetHints":{"allow":["GET"]}}],"collection":[{"href":"https:\/\/imprimeideas.es\/en\/wp-json\/wp\/v2\/product"}],"about":[{"href":"https:\/\/imprimeideas.es\/en\/wp-json\/wp\/v2\/types\/product"}],"replies":[{"embeddable":true,"href":"https:\/\/imprimeideas.es\/en\/wp-json\/wp\/v2\/comments?post=32132"}],"version-history":[{"count":1,"href":"https:\/\/imprimeideas.es\/en\/wp-json\/wp\/v2\/product\/32132\/revisions"}],"predecessor-version":[{"id":59534,"href":"https:\/\/imprimeideas.es\/en\/wp-json\/wp\/v2\/product\/32132\/revisions\/59534"}],"wp:featuredmedia":[{"embeddable":true,"href":"https:\/\/imprimeideas.es\/en\/wp-json\/wp\/v2\/media\/73890"}],"wp:attachment":[{"href":"https:\/\/imprimeideas.es\/en\/wp-json\/wp\/v2\/media?parent=32132"}],"wp:term":[{"taxonomy":"product_brand","embeddable":true,"href":"https:\/\/imprimeideas.es\/en\/wp-json\/wp\/v2\/product_brand?post=32132"},{"taxonomy":"product_cat","embeddable":true,"href":"https:\/\/imprimeideas.es\/en\/wp-json\/wp\/v2\/product_cat?post=32132"},{"taxonomy":"product_tag","embeddable":true,"href":"https:\/\/imprimeideas.es\/en\/wp-json\/wp\/v2\/product_tag?post=32132"}],"curies":[{"name":"wp","href":"https:\/\/api.w.org\/{rel}","templated":true}]}}