{"id":32001,"date":"2026-02-24T11:03:41","date_gmt":"2026-02-24T10:03:41","guid":{"rendered":"https:\/\/imprimeideas.es\/?post_type=product&p=32001"},"modified":"2026-02-26T18:37:29","modified_gmt":"2026-02-26T17:37:29","slug":"sudadera-tecnica-adulto-kroby","status":"publish","type":"product","link":"https:\/\/imprimeideas.es\/en\/product\/sudadera-tecnica-adulto-kroby\/","title":{"rendered":"Sudadera T\u00e9cnica Adulto Kroby"},"content":{"rendered":"<p>Sudadera t\u00e9cnica para adulto unisex. En material 100% poli\u00e9ster de 265g\/m2. Disponible en variada gama de vivos colores. Tallas S, M, L, XL, XXL.<\/p>","protected":false},"excerpt":{"rendered":"<p>Sudadera t\u00e9cnica para adulto unisex. En material 100% poli\u00e9ster de 265g\/m2. Disponible en variada gama de vivos colores. Tallas S,<\/p>","protected":false},"featured_media":66203,"comment_status":"open","ping_status":"open","template":"","meta":{"inline_featured_image":false},"product_brand":[],"product_cat":[128,116],"product_tag":[],"class_list":{"0":"post-32001","1":"product","2":"type-product","3":"status-publish","4":"has-post-thumbnail","6":"product_cat-outlet","7":"product_cat-textil","9":"first","10":"instock","11":"taxable","12":"shipping-taxable","13":"purchasable","14":"product-type-variable","15":"has-default-attributes"},"aioseo_notices":[],"_links":{"self":[{"href":"https:\/\/imprimeideas.es\/en\/wp-json\/wp\/v2\/product\/32001","targetHints":{"allow":["GET"]}}],"collection":[{"href":"https:\/\/imprimeideas.es\/en\/wp-json\/wp\/v2\/product"}],"about":[{"href":"https:\/\/imprimeideas.es\/en\/wp-json\/wp\/v2\/types\/product"}],"replies":[{"embeddable":true,"href":"https:\/\/imprimeideas.es\/en\/wp-json\/wp\/v2\/comments?post=32001"}],"version-history":[{"count":1,"href":"https:\/\/imprimeideas.es\/en\/wp-json\/wp\/v2\/product\/32001\/revisions"}],"predecessor-version":[{"id":59524,"href":"https:\/\/imprimeideas.es\/en\/wp-json\/wp\/v2\/product\/32001\/revisions\/59524"}],"wp:featuredmedia":[{"embeddable":true,"href":"https:\/\/imprimeideas.es\/en\/wp-json\/wp\/v2\/media\/66203"}],"wp:attachment":[{"href":"https:\/\/imprimeideas.es\/en\/wp-json\/wp\/v2\/media?parent=32001"}],"wp:term":[{"taxonomy":"product_brand","embeddable":true,"href":"https:\/\/imprimeideas.es\/en\/wp-json\/wp\/v2\/product_brand?post=32001"},{"taxonomy":"product_cat","embeddable":true,"href":"https:\/\/imprimeideas.es\/en\/wp-json\/wp\/v2\/product_cat?post=32001"},{"taxonomy":"product_tag","embeddable":true,"href":"https:\/\/imprimeideas.es\/en\/wp-json\/wp\/v2\/product_tag?post=32001"}],"curies":[{"name":"wp","href":"https:\/\/api.w.org\/{rel}","templated":true}]}}