{"id":31985,"date":"2026-02-24T11:03:40","date_gmt":"2026-02-24T10:03:40","guid":{"rendered":"https:\/\/imprimeideas.es\/?post_type=product&p=31985"},"modified":"2026-02-26T18:13:42","modified_gmt":"2026-02-26T17:13:42","slug":"camiseta-adulto-yuk","status":"publish","type":"product","link":"https:\/\/imprimeideas.es\/en\/product\/camiseta-adulto-yuk\/","title":{"rendered":"Camiseta Adulto Yuk"},"content":{"rendered":"<p>Original camiseta de manga larga en dise\u00f1o unisex. En combinaci\u00f3n de materiales algod\u00f3n\/poli\u00e9ster de 160g\/m2, con capucha y cierre ajustable de cord\u00f3n. En variada gama de vivos colores y versi\u00f3n en amarillo fluorescente. Disponible en tallas S, M, L, XL.<\/p>","protected":false},"excerpt":{"rendered":"<p>Original camiseta de manga larga en dise\u00f1o unisex. En combinaci\u00f3n de materiales algod\u00f3n\/poli\u00e9ster de 160g\/m2, con capucha y cierre ajustable<\/p>","protected":false},"featured_media":66931,"comment_status":"open","ping_status":"open","template":"","meta":{"inline_featured_image":false},"product_brand":[],"product_cat":[128,116],"product_tag":[],"class_list":{"0":"post-31985","1":"product","2":"type-product","3":"status-publish","4":"has-post-thumbnail","6":"product_cat-outlet","7":"product_cat-textil","9":"first","10":"outofstock","11":"taxable","12":"shipping-taxable","13":"purchasable","14":"product-type-variable","15":"has-default-attributes"},"aioseo_notices":[],"_links":{"self":[{"href":"https:\/\/imprimeideas.es\/en\/wp-json\/wp\/v2\/product\/31985","targetHints":{"allow":["GET"]}}],"collection":[{"href":"https:\/\/imprimeideas.es\/en\/wp-json\/wp\/v2\/product"}],"about":[{"href":"https:\/\/imprimeideas.es\/en\/wp-json\/wp\/v2\/types\/product"}],"replies":[{"embeddable":true,"href":"https:\/\/imprimeideas.es\/en\/wp-json\/wp\/v2\/comments?post=31985"}],"version-history":[{"count":1,"href":"https:\/\/imprimeideas.es\/en\/wp-json\/wp\/v2\/product\/31985\/revisions"}],"predecessor-version":[{"id":59521,"href":"https:\/\/imprimeideas.es\/en\/wp-json\/wp\/v2\/product\/31985\/revisions\/59521"}],"wp:featuredmedia":[{"embeddable":true,"href":"https:\/\/imprimeideas.es\/en\/wp-json\/wp\/v2\/media\/66931"}],"wp:attachment":[{"href":"https:\/\/imprimeideas.es\/en\/wp-json\/wp\/v2\/media?parent=31985"}],"wp:term":[{"taxonomy":"product_brand","embeddable":true,"href":"https:\/\/imprimeideas.es\/en\/wp-json\/wp\/v2\/product_brand?post=31985"},{"taxonomy":"product_cat","embeddable":true,"href":"https:\/\/imprimeideas.es\/en\/wp-json\/wp\/v2\/product_cat?post=31985"},{"taxonomy":"product_tag","embeddable":true,"href":"https:\/\/imprimeideas.es\/en\/wp-json\/wp\/v2\/product_tag?post=31985"}],"curies":[{"name":"wp","href":"https:\/\/api.w.org\/{rel}","templated":true}]}}