{"id":31964,"date":"2026-02-24T11:03:39","date_gmt":"2026-02-24T10:03:39","guid":{"rendered":"https:\/\/imprimeideas.es\/?post_type=product&p=31964"},"modified":"2026-02-26T18:03:08","modified_gmt":"2026-02-26T17:03:08","slug":"boligrafo-nicky","status":"publish","type":"product","link":"https:\/\/imprimeideas.es\/en\/product\/boligrafo-nicky\/","title":{"rendered":"Bol\u00edgrafo Nicky"},"content":{"rendered":"<p>Divertido bol\u00edgrafo bombilla con cuerpo de suave acabado en vivos colores transparentes. Con linterna esf\u00e9rica de goma con luz a juego que se activa dejando caer el bol\u00edgrafo en una superficie dura. Capucha a juego y en tinta azul.<\/p>","protected":false},"excerpt":{"rendered":"<p>Luces Led Multicolor. Pilas Bot\u00f3n Incluidas<\/p>","protected":false},"featured_media":71131,"comment_status":"open","ping_status":"open","template":"","meta":{"inline_featured_image":false},"product_brand":[],"product_cat":[100,108],"product_tag":[],"class_list":{"0":"post-31964","1":"product","2":"type-product","3":"status-publish","4":"has-post-thumbnail","6":"product_cat-escritura","7":"product_cat-infantil","9":"first","10":"instock","11":"taxable","12":"shipping-taxable","13":"purchasable","14":"product-type-variable","15":"has-default-attributes"},"aioseo_notices":[],"_links":{"self":[{"href":"https:\/\/imprimeideas.es\/en\/wp-json\/wp\/v2\/product\/31964","targetHints":{"allow":["GET"]}}],"collection":[{"href":"https:\/\/imprimeideas.es\/en\/wp-json\/wp\/v2\/product"}],"about":[{"href":"https:\/\/imprimeideas.es\/en\/wp-json\/wp\/v2\/types\/product"}],"replies":[{"embeddable":true,"href":"https:\/\/imprimeideas.es\/en\/wp-json\/wp\/v2\/comments?post=31964"}],"version-history":[{"count":1,"href":"https:\/\/imprimeideas.es\/en\/wp-json\/wp\/v2\/product\/31964\/revisions"}],"predecessor-version":[{"id":59517,"href":"https:\/\/imprimeideas.es\/en\/wp-json\/wp\/v2\/product\/31964\/revisions\/59517"}],"wp:featuredmedia":[{"embeddable":true,"href":"https:\/\/imprimeideas.es\/en\/wp-json\/wp\/v2\/media\/71131"}],"wp:attachment":[{"href":"https:\/\/imprimeideas.es\/en\/wp-json\/wp\/v2\/media?parent=31964"}],"wp:term":[{"taxonomy":"product_brand","embeddable":true,"href":"https:\/\/imprimeideas.es\/en\/wp-json\/wp\/v2\/product_brand?post=31964"},{"taxonomy":"product_cat","embeddable":true,"href":"https:\/\/imprimeideas.es\/en\/wp-json\/wp\/v2\/product_cat?post=31964"},{"taxonomy":"product_tag","embeddable":true,"href":"https:\/\/imprimeideas.es\/en\/wp-json\/wp\/v2\/product_tag?post=31964"}],"curies":[{"name":"wp","href":"https:\/\/api.w.org\/{rel}","templated":true}]}}