{"id":31961,"date":"2026-02-24T11:03:39","date_gmt":"2026-02-24T10:03:39","guid":{"rendered":"https:\/\/imprimeideas.es\/?post_type=product&p=31961"},"modified":"2026-02-26T18:19:11","modified_gmt":"2026-02-26T17:19:11","slug":"llavero-moneda-coltax","status":"publish","type":"product","link":"https:\/\/imprimeideas.es\/en\/product\/llavero-moneda-coltax\/","title":{"rendered":"Llavero Moneda Coltax"},"content":{"rendered":"<p>Original llavero met\u00e1lico con ventosa extra\u00edble en vivos colores. S\u00f3lo hay que fijar la ventosa a una superficie plana para colgar el llavero. Con chapa met\u00e1lica para marcaje en l\u00e1ser.<\/p>","protected":false},"excerpt":{"rendered":"<p>Original llavero met\u00e1lico con ventosa extra\u00edble en vivos colores. S\u00f3lo hay que fijar la ventosa a una superficie plana para<\/p>","protected":false},"featured_media":78298,"comment_status":"open","ping_status":"open","template":"","meta":{"inline_featured_image":false},"product_brand":[],"product_cat":[128,106],"product_tag":[],"class_list":{"0":"post-31961","1":"product","2":"type-product","3":"status-publish","4":"has-post-thumbnail","6":"product_cat-outlet","7":"product_cat-regalos-y-premiums","9":"first","10":"instock","11":"taxable","12":"shipping-taxable","13":"purchasable","14":"product-type-variable","15":"has-default-attributes"},"aioseo_notices":[],"_links":{"self":[{"href":"https:\/\/imprimeideas.es\/en\/wp-json\/wp\/v2\/product\/31961","targetHints":{"allow":["GET"]}}],"collection":[{"href":"https:\/\/imprimeideas.es\/en\/wp-json\/wp\/v2\/product"}],"about":[{"href":"https:\/\/imprimeideas.es\/en\/wp-json\/wp\/v2\/types\/product"}],"replies":[{"embeddable":true,"href":"https:\/\/imprimeideas.es\/en\/wp-json\/wp\/v2\/comments?post=31961"}],"version-history":[{"count":1,"href":"https:\/\/imprimeideas.es\/en\/wp-json\/wp\/v2\/product\/31961\/revisions"}],"predecessor-version":[{"id":59515,"href":"https:\/\/imprimeideas.es\/en\/wp-json\/wp\/v2\/product\/31961\/revisions\/59515"}],"wp:featuredmedia":[{"embeddable":true,"href":"https:\/\/imprimeideas.es\/en\/wp-json\/wp\/v2\/media\/78298"}],"wp:attachment":[{"href":"https:\/\/imprimeideas.es\/en\/wp-json\/wp\/v2\/media?parent=31961"}],"wp:term":[{"taxonomy":"product_brand","embeddable":true,"href":"https:\/\/imprimeideas.es\/en\/wp-json\/wp\/v2\/product_brand?post=31961"},{"taxonomy":"product_cat","embeddable":true,"href":"https:\/\/imprimeideas.es\/en\/wp-json\/wp\/v2\/product_cat?post=31961"},{"taxonomy":"product_tag","embeddable":true,"href":"https:\/\/imprimeideas.es\/en\/wp-json\/wp\/v2\/product_tag?post=31961"}],"curies":[{"name":"wp","href":"https:\/\/api.w.org\/{rel}","templated":true}]}}