{"id":31884,"date":"2026-02-24T11:03:33","date_gmt":"2026-02-24T10:03:33","guid":{"rendered":"https:\/\/imprimeideas.es\/?post_type=product&p=31884"},"modified":"2026-02-26T18:23:22","modified_gmt":"2026-02-26T17:23:22","slug":"paraguas-ziant","status":"publish","type":"product","link":"https:\/\/imprimeideas.es\/en\/product\/paraguas-ziant\/","title":{"rendered":"Paraguas Ziant"},"content":{"rendered":"<p>Paraguas plegable de 8 paneles de poli\u00e9ster 170T en extensa gama de vivos colores y 96cm de di\u00e1metro. De apertura manual, con varillas met\u00e1licas en color plateado, cierre de velcro y cinta de transporte en mango ergon\u00f3mico. Presentado en funda individual a juego.<\/p>","protected":false},"excerpt":{"rendered":"<p>21&#8243;. Funda Poli\u00e9ster<\/p>","protected":false},"featured_media":70152,"comment_status":"open","ping_status":"open","template":"","meta":{"inline_featured_image":false},"product_brand":[],"product_cat":[118,115],"product_tag":[],"class_list":{"0":"post-31884","1":"product","2":"type-product","3":"status-publish","4":"has-post-thumbnail","6":"product_cat-lluvia-y-frio","7":"product_cat-sublimacion","9":"first","10":"instock","11":"taxable","12":"shipping-taxable","13":"purchasable","14":"product-type-variable","15":"has-default-attributes"},"aioseo_notices":[],"_links":{"self":[{"href":"https:\/\/imprimeideas.es\/en\/wp-json\/wp\/v2\/product\/31884","targetHints":{"allow":["GET"]}}],"collection":[{"href":"https:\/\/imprimeideas.es\/en\/wp-json\/wp\/v2\/product"}],"about":[{"href":"https:\/\/imprimeideas.es\/en\/wp-json\/wp\/v2\/types\/product"}],"replies":[{"embeddable":true,"href":"https:\/\/imprimeideas.es\/en\/wp-json\/wp\/v2\/comments?post=31884"}],"version-history":[{"count":1,"href":"https:\/\/imprimeideas.es\/en\/wp-json\/wp\/v2\/product\/31884\/revisions"}],"predecessor-version":[{"id":59505,"href":"https:\/\/imprimeideas.es\/en\/wp-json\/wp\/v2\/product\/31884\/revisions\/59505"}],"wp:featuredmedia":[{"embeddable":true,"href":"https:\/\/imprimeideas.es\/en\/wp-json\/wp\/v2\/media\/70152"}],"wp:attachment":[{"href":"https:\/\/imprimeideas.es\/en\/wp-json\/wp\/v2\/media?parent=31884"}],"wp:term":[{"taxonomy":"product_brand","embeddable":true,"href":"https:\/\/imprimeideas.es\/en\/wp-json\/wp\/v2\/product_brand?post=31884"},{"taxonomy":"product_cat","embeddable":true,"href":"https:\/\/imprimeideas.es\/en\/wp-json\/wp\/v2\/product_cat?post=31884"},{"taxonomy":"product_tag","embeddable":true,"href":"https:\/\/imprimeideas.es\/en\/wp-json\/wp\/v2\/product_tag?post=31884"}],"curies":[{"name":"wp","href":"https:\/\/api.w.org\/{rel}","templated":true}]}}