{"id":31878,"date":"2026-02-24T11:03:32","date_gmt":"2026-02-24T10:03:32","guid":{"rendered":"https:\/\/imprimeideas.es\/?post_type=product&p=31878"},"modified":"2026-02-26T18:13:38","modified_gmt":"2026-02-26T17:13:38","slug":"libreta-pilaf","status":"publish","type":"product","link":"https:\/\/imprimeideas.es\/en\/product\/libreta-pilaf\/","title":{"rendered":"Libreta Pilaf"},"content":{"rendered":"<p>Libreta de anillas con tapas de suave tacto acabadas en resistente cart\u00f3n reciclado y bol\u00edgrafo en cart\u00f3n reciclado a juego. De atrevidos colores, 50 hojas con distribuci\u00f3n a una raya y con soporte para bol\u00edgrafo en contraportada.<\/p>","protected":false},"excerpt":{"rendered":"<p>Portada R\u00edgida. 50 Hojas. Bol\u00edgrafo Cart\u00f3n Reciclado Incluido<\/p>","protected":false},"featured_media":72429,"comment_status":"open","ping_status":"open","template":"","meta":{"inline_featured_image":false},"product_brand":[],"product_cat":[122,108,96],"product_tag":[],"class_list":{"0":"post-31878","1":"product","2":"type-product","3":"status-publish","4":"has-post-thumbnail","6":"product_cat-articulos-sostenibles","7":"product_cat-infantil","8":"product_cat-oficina-y-negocios","10":"first","11":"instock","12":"taxable","13":"shipping-taxable","14":"purchasable","15":"product-type-variable","16":"has-default-attributes"},"aioseo_notices":[],"_links":{"self":[{"href":"https:\/\/imprimeideas.es\/en\/wp-json\/wp\/v2\/product\/31878","targetHints":{"allow":["GET"]}}],"collection":[{"href":"https:\/\/imprimeideas.es\/en\/wp-json\/wp\/v2\/product"}],"about":[{"href":"https:\/\/imprimeideas.es\/en\/wp-json\/wp\/v2\/types\/product"}],"replies":[{"embeddable":true,"href":"https:\/\/imprimeideas.es\/en\/wp-json\/wp\/v2\/comments?post=31878"}],"version-history":[{"count":1,"href":"https:\/\/imprimeideas.es\/en\/wp-json\/wp\/v2\/product\/31878\/revisions"}],"predecessor-version":[{"id":59504,"href":"https:\/\/imprimeideas.es\/en\/wp-json\/wp\/v2\/product\/31878\/revisions\/59504"}],"wp:featuredmedia":[{"embeddable":true,"href":"https:\/\/imprimeideas.es\/en\/wp-json\/wp\/v2\/media\/72429"}],"wp:attachment":[{"href":"https:\/\/imprimeideas.es\/en\/wp-json\/wp\/v2\/media?parent=31878"}],"wp:term":[{"taxonomy":"product_brand","embeddable":true,"href":"https:\/\/imprimeideas.es\/en\/wp-json\/wp\/v2\/product_brand?post=31878"},{"taxonomy":"product_cat","embeddable":true,"href":"https:\/\/imprimeideas.es\/en\/wp-json\/wp\/v2\/product_cat?post=31878"},{"taxonomy":"product_tag","embeddable":true,"href":"https:\/\/imprimeideas.es\/en\/wp-json\/wp\/v2\/product_tag?post=31878"}],"curies":[{"name":"wp","href":"https:\/\/api.w.org\/{rel}","templated":true}]}}