{"id":31857,"date":"2026-02-24T11:03:31","date_gmt":"2026-02-24T10:03:31","guid":{"rendered":"https:\/\/imprimeideas.es\/?post_type=product&p=31857"},"modified":"2026-02-26T18:23:22","modified_gmt":"2026-02-26T17:23:22","slug":"boligrafo-laser-snarry","status":"publish","type":"product","link":"https:\/\/imprimeideas.es\/en\/product\/boligrafo-laser-snarry\/","title":{"rendered":"Bol\u00edgrafo L\u00e1ser Snarry"},"content":{"rendered":"<p>Bol\u00edgrafo l\u00e1ser met\u00e1lico en elegante acabado brillo, con pulsadores de activaci\u00f3n laterales para funciones l\u00e1ser y linterna (pilas de bot\u00f3n incluidas). En tinta azul, con puntero t\u00e1ctil integrado, cierre de capucha y clip cromado. Especialmente dise\u00f1ado para marcaje en l\u00e1ser. Presentado en un elegante estuche met\u00e1lico en caja individual de cart\u00f3n de acabado plateado. Interior en suave esponja troquelada, con pilas de recambio.<\/p>","protected":false},"excerpt":{"rendered":"<p>1 Led. Pilas Bot\u00f3n Incluidas<\/p>","protected":false},"featured_media":69166,"comment_status":"open","ping_status":"open","template":"","meta":{"inline_featured_image":false},"product_brand":[],"product_cat":[96],"product_tag":[],"class_list":{"0":"post-31857","1":"product","2":"type-product","3":"status-publish","4":"has-post-thumbnail","6":"product_cat-oficina-y-negocios","8":"first","9":"instock","10":"taxable","11":"shipping-taxable","12":"purchasable","13":"product-type-variable","14":"has-default-attributes"},"aioseo_notices":[],"_links":{"self":[{"href":"https:\/\/imprimeideas.es\/en\/wp-json\/wp\/v2\/product\/31857","targetHints":{"allow":["GET"]}}],"collection":[{"href":"https:\/\/imprimeideas.es\/en\/wp-json\/wp\/v2\/product"}],"about":[{"href":"https:\/\/imprimeideas.es\/en\/wp-json\/wp\/v2\/types\/product"}],"replies":[{"embeddable":true,"href":"https:\/\/imprimeideas.es\/en\/wp-json\/wp\/v2\/comments?post=31857"}],"version-history":[{"count":1,"href":"https:\/\/imprimeideas.es\/en\/wp-json\/wp\/v2\/product\/31857\/revisions"}],"predecessor-version":[{"id":59501,"href":"https:\/\/imprimeideas.es\/en\/wp-json\/wp\/v2\/product\/31857\/revisions\/59501"}],"wp:featuredmedia":[{"embeddable":true,"href":"https:\/\/imprimeideas.es\/en\/wp-json\/wp\/v2\/media\/69166"}],"wp:attachment":[{"href":"https:\/\/imprimeideas.es\/en\/wp-json\/wp\/v2\/media?parent=31857"}],"wp:term":[{"taxonomy":"product_brand","embeddable":true,"href":"https:\/\/imprimeideas.es\/en\/wp-json\/wp\/v2\/product_brand?post=31857"},{"taxonomy":"product_cat","embeddable":true,"href":"https:\/\/imprimeideas.es\/en\/wp-json\/wp\/v2\/product_cat?post=31857"},{"taxonomy":"product_tag","embeddable":true,"href":"https:\/\/imprimeideas.es\/en\/wp-json\/wp\/v2\/product_tag?post=31857"}],"curies":[{"name":"wp","href":"https:\/\/api.w.org\/{rel}","templated":true}]}}