{"id":31816,"date":"2026-02-24T11:03:28","date_gmt":"2026-02-24T10:03:28","guid":{"rendered":"https:\/\/imprimeideas.es\/?post_type=product&p=31816"},"modified":"2026-02-26T18:08:22","modified_gmt":"2026-02-26T17:08:22","slug":"altavoz-braiss","status":"publish","type":"product","link":"https:\/\/imprimeideas.es\/en\/product\/altavoz-braiss\/","title":{"rendered":"Altavoz Braiss"},"content":{"rendered":"<p>Compacto altavoz con conexi\u00f3n Bluetooth 5.0 y 3W de potencia. Ofrece una experiencia completa al tener funci\u00f3n de manos libres y vers\u00e1til por sus amplias formas de conexi\u00f3n, ya que dispone de lector de tarjetas mini SD hasta 32GB, conexi\u00f3n auxiliar jack de 3,5mm y es compatible con iOS y Android. Incluye cable de carga y cable auxiliar jack de 3,5mm. Este altavoz ofrece estilo por su variada gama de colores mate y viene presentado en caja individual, con manual de instrucciones en espa\u00f1ol e ingl\u00e9s.<\/p>","protected":false},"excerpt":{"rendered":"<p>Conexi\u00f3n Bluetooth. Potencia Sonido 3W. Bater\u00eda 200 mAh<\/p>","protected":false},"featured_media":72228,"comment_status":"open","ping_status":"open","template":"","meta":{"inline_featured_image":false},"product_brand":[],"product_cat":[95],"product_tag":[],"class_list":{"0":"post-31816","1":"product","2":"type-product","3":"status-publish","4":"has-post-thumbnail","6":"product_cat-tecnologia-y-accesorios","8":"first","9":"instock","10":"taxable","11":"shipping-taxable","12":"purchasable","13":"product-type-variable","14":"has-default-attributes"},"aioseo_notices":[],"_links":{"self":[{"href":"https:\/\/imprimeideas.es\/en\/wp-json\/wp\/v2\/product\/31816","targetHints":{"allow":["GET"]}}],"collection":[{"href":"https:\/\/imprimeideas.es\/en\/wp-json\/wp\/v2\/product"}],"about":[{"href":"https:\/\/imprimeideas.es\/en\/wp-json\/wp\/v2\/types\/product"}],"replies":[{"embeddable":true,"href":"https:\/\/imprimeideas.es\/en\/wp-json\/wp\/v2\/comments?post=31816"}],"version-history":[{"count":1,"href":"https:\/\/imprimeideas.es\/en\/wp-json\/wp\/v2\/product\/31816\/revisions"}],"predecessor-version":[{"id":59495,"href":"https:\/\/imprimeideas.es\/en\/wp-json\/wp\/v2\/product\/31816\/revisions\/59495"}],"wp:featuredmedia":[{"embeddable":true,"href":"https:\/\/imprimeideas.es\/en\/wp-json\/wp\/v2\/media\/72228"}],"wp:attachment":[{"href":"https:\/\/imprimeideas.es\/en\/wp-json\/wp\/v2\/media?parent=31816"}],"wp:term":[{"taxonomy":"product_brand","embeddable":true,"href":"https:\/\/imprimeideas.es\/en\/wp-json\/wp\/v2\/product_brand?post=31816"},{"taxonomy":"product_cat","embeddable":true,"href":"https:\/\/imprimeideas.es\/en\/wp-json\/wp\/v2\/product_cat?post=31816"},{"taxonomy":"product_tag","embeddable":true,"href":"https:\/\/imprimeideas.es\/en\/wp-json\/wp\/v2\/product_tag?post=31816"}],"curies":[{"name":"wp","href":"https:\/\/api.w.org\/{rel}","templated":true}]}}