{"id":31810,"date":"2026-02-24T11:03:28","date_gmt":"2026-02-24T10:03:28","guid":{"rendered":"https:\/\/imprimeideas.es\/?post_type=product&p=31810"},"modified":"2026-02-26T18:27:59","modified_gmt":"2026-02-26T17:27:59","slug":"raton-lyster","status":"publish","type":"product","link":"https:\/\/imprimeideas.es\/en\/product\/raton-lyster\/","title":{"rendered":"Rat\u00f3n Lyster"},"content":{"rendered":"<p>Rat\u00f3n inal\u00e1mbrico \u00f3ptico, de dise\u00f1o ergon\u00f3mico f\u00e1cilmente adaptable a la mano y conexi\u00f3n r\u00e1pida gracias a su conexi\u00f3n por USB. Recubrimiento en tacto de suave goma en variados llamativos colores. Alimentaci\u00f3n por pilar 2xAAA no incluidas. Presentado en caja individual.<\/p>","protected":false},"excerpt":{"rendered":"<p>Inal\u00e1mbrico. \u00d3ptico. Bot\u00f3n DPI. 2 Pilas AAA No Incluidas<\/p>","protected":false},"featured_media":81246,"comment_status":"open","ping_status":"open","template":"","meta":{"inline_featured_image":false},"product_brand":[],"product_cat":[96,95],"product_tag":[],"class_list":{"0":"post-31810","1":"product","2":"type-product","3":"status-publish","4":"has-post-thumbnail","6":"product_cat-oficina-y-negocios","7":"product_cat-tecnologia-y-accesorios","9":"first","10":"instock","11":"taxable","12":"shipping-taxable","13":"purchasable","14":"product-type-variable","15":"has-default-attributes"},"aioseo_notices":[],"_links":{"self":[{"href":"https:\/\/imprimeideas.es\/en\/wp-json\/wp\/v2\/product\/31810","targetHints":{"allow":["GET"]}}],"collection":[{"href":"https:\/\/imprimeideas.es\/en\/wp-json\/wp\/v2\/product"}],"about":[{"href":"https:\/\/imprimeideas.es\/en\/wp-json\/wp\/v2\/types\/product"}],"replies":[{"embeddable":true,"href":"https:\/\/imprimeideas.es\/en\/wp-json\/wp\/v2\/comments?post=31810"}],"version-history":[{"count":1,"href":"https:\/\/imprimeideas.es\/en\/wp-json\/wp\/v2\/product\/31810\/revisions"}],"predecessor-version":[{"id":59494,"href":"https:\/\/imprimeideas.es\/en\/wp-json\/wp\/v2\/product\/31810\/revisions\/59494"}],"wp:featuredmedia":[{"embeddable":true,"href":"https:\/\/imprimeideas.es\/en\/wp-json\/wp\/v2\/media\/81246"}],"wp:attachment":[{"href":"https:\/\/imprimeideas.es\/en\/wp-json\/wp\/v2\/media?parent=31810"}],"wp:term":[{"taxonomy":"product_brand","embeddable":true,"href":"https:\/\/imprimeideas.es\/en\/wp-json\/wp\/v2\/product_brand?post=31810"},{"taxonomy":"product_cat","embeddable":true,"href":"https:\/\/imprimeideas.es\/en\/wp-json\/wp\/v2\/product_cat?post=31810"},{"taxonomy":"product_tag","embeddable":true,"href":"https:\/\/imprimeideas.es\/en\/wp-json\/wp\/v2\/product_tag?post=31810"}],"curies":[{"name":"wp","href":"https:\/\/api.w.org\/{rel}","templated":true}]}}