{"id":31741,"date":"2026-02-24T11:03:23","date_gmt":"2026-02-24T10:03:23","guid":{"rendered":"https:\/\/imprimeideas.es\/?post_type=product&p=31741"},"modified":"2026-02-26T18:33:05","modified_gmt":"2026-02-26T17:33:05","slug":"paraguas-hebol","status":"publish","type":"product","link":"https:\/\/imprimeideas.es\/en\/product\/paraguas-hebol\/","title":{"rendered":"Paraguas Hebol"},"content":{"rendered":"<p>Paraguas plegable de alta calidad de 8 paneles en sobrios colores. De 98cm de di\u00e1metro, con apertura autom\u00e1tica y en resistente material pongee. Con varillas met\u00e1licas en color negro, cierre de velcro y mango ergon\u00f3mico con cinta de transporte. Presentado en funda individual a juego.<\/p>","protected":false},"excerpt":{"rendered":"<p>22&#8243;. Autom\u00e1tico. Funda Pongee<\/p>","protected":false},"featured_media":32782,"comment_status":"open","ping_status":"open","template":"","meta":{"inline_featured_image":false},"product_brand":[],"product_cat":[118],"product_tag":[],"class_list":{"0":"post-31741","1":"product","2":"type-product","3":"status-publish","4":"has-post-thumbnail","6":"product_cat-lluvia-y-frio","8":"first","9":"instock","10":"taxable","11":"shipping-taxable","12":"purchasable","13":"product-type-variable","14":"has-default-attributes"},"aioseo_notices":[],"_links":{"self":[{"href":"https:\/\/imprimeideas.es\/en\/wp-json\/wp\/v2\/product\/31741","targetHints":{"allow":["GET"]}}],"collection":[{"href":"https:\/\/imprimeideas.es\/en\/wp-json\/wp\/v2\/product"}],"about":[{"href":"https:\/\/imprimeideas.es\/en\/wp-json\/wp\/v2\/types\/product"}],"replies":[{"embeddable":true,"href":"https:\/\/imprimeideas.es\/en\/wp-json\/wp\/v2\/comments?post=31741"}],"version-history":[{"count":1,"href":"https:\/\/imprimeideas.es\/en\/wp-json\/wp\/v2\/product\/31741\/revisions"}],"predecessor-version":[{"id":59483,"href":"https:\/\/imprimeideas.es\/en\/wp-json\/wp\/v2\/product\/31741\/revisions\/59483"}],"wp:featuredmedia":[{"embeddable":true,"href":"https:\/\/imprimeideas.es\/en\/wp-json\/wp\/v2\/media\/32782"}],"wp:attachment":[{"href":"https:\/\/imprimeideas.es\/en\/wp-json\/wp\/v2\/media?parent=31741"}],"wp:term":[{"taxonomy":"product_brand","embeddable":true,"href":"https:\/\/imprimeideas.es\/en\/wp-json\/wp\/v2\/product_brand?post=31741"},{"taxonomy":"product_cat","embeddable":true,"href":"https:\/\/imprimeideas.es\/en\/wp-json\/wp\/v2\/product_cat?post=31741"},{"taxonomy":"product_tag","embeddable":true,"href":"https:\/\/imprimeideas.es\/en\/wp-json\/wp\/v2\/product_tag?post=31741"}],"curies":[{"name":"wp","href":"https:\/\/api.w.org\/{rel}","templated":true}]}}