{"id":31667,"date":"2026-02-24T11:03:19","date_gmt":"2026-02-24T10:03:19","guid":{"rendered":"https:\/\/imprimeideas.es\/?post_type=product&p=31667"},"modified":"2026-02-25T19:52:20","modified_gmt":"2026-02-25T18:52:20","slug":"alfombrilla-exfera","status":"publish","type":"product","link":"https:\/\/imprimeideas.es\/en\/product\/alfombrilla-exfera\/","title":{"rendered":"Alfombrilla Exfera"},"content":{"rendered":"<p>Alfombrilla de silicona de alta calidad, de dise\u00f1o circular con cuerpo en vivos colores y base antideslizante. Presentada en atractiva bolsa de dise\u00f1o con refuerzo de cart\u00f3n.<\/p>","protected":false},"excerpt":{"rendered":"<p>Antideslizante<\/p>","protected":false},"featured_media":82737,"comment_status":"open","ping_status":"open","template":"","meta":{"inline_featured_image":false},"product_brand":[],"product_cat":[96,128],"product_tag":[],"class_list":{"0":"post-31667","1":"product","2":"type-product","3":"status-publish","4":"has-post-thumbnail","6":"product_cat-oficina-y-negocios","7":"product_cat-outlet","9":"first","10":"outofstock","11":"taxable","12":"shipping-taxable","13":"purchasable","14":"product-type-variable","15":"has-default-attributes"},"aioseo_notices":[],"_links":{"self":[{"href":"https:\/\/imprimeideas.es\/en\/wp-json\/wp\/v2\/product\/31667","targetHints":{"allow":["GET"]}}],"collection":[{"href":"https:\/\/imprimeideas.es\/en\/wp-json\/wp\/v2\/product"}],"about":[{"href":"https:\/\/imprimeideas.es\/en\/wp-json\/wp\/v2\/types\/product"}],"replies":[{"embeddable":true,"href":"https:\/\/imprimeideas.es\/en\/wp-json\/wp\/v2\/comments?post=31667"}],"version-history":[{"count":1,"href":"https:\/\/imprimeideas.es\/en\/wp-json\/wp\/v2\/product\/31667\/revisions"}],"predecessor-version":[{"id":59471,"href":"https:\/\/imprimeideas.es\/en\/wp-json\/wp\/v2\/product\/31667\/revisions\/59471"}],"wp:featuredmedia":[{"embeddable":true,"href":"https:\/\/imprimeideas.es\/en\/wp-json\/wp\/v2\/media\/82737"}],"wp:attachment":[{"href":"https:\/\/imprimeideas.es\/en\/wp-json\/wp\/v2\/media?parent=31667"}],"wp:term":[{"taxonomy":"product_brand","embeddable":true,"href":"https:\/\/imprimeideas.es\/en\/wp-json\/wp\/v2\/product_brand?post=31667"},{"taxonomy":"product_cat","embeddable":true,"href":"https:\/\/imprimeideas.es\/en\/wp-json\/wp\/v2\/product_cat?post=31667"},{"taxonomy":"product_tag","embeddable":true,"href":"https:\/\/imprimeideas.es\/en\/wp-json\/wp\/v2\/product_tag?post=31667"}],"curies":[{"name":"wp","href":"https:\/\/api.w.org\/{rel}","templated":true}]}}