{"id":31606,"date":"2026-02-24T11:03:14","date_gmt":"2026-02-24T10:03:14","guid":{"rendered":"https:\/\/imprimeideas.es\/?post_type=product&p=31606"},"modified":"2026-02-26T18:13:39","modified_gmt":"2026-02-26T17:13:39","slug":"marcapaginas-melby","status":"publish","type":"product","link":"https:\/\/imprimeideas.es\/en\/product\/marcapaginas-melby\/","title":{"rendered":"Marcap\u00e1ginas Melby"},"content":{"rendered":"<p>Original marcap\u00e1ginas de acabado en aluminio brillante, en variados colores y con soporte para bol\u00edgrafo integrado. Presentado en funda de PVC.<\/p>","protected":false},"excerpt":{"rendered":"<p>Original marcap\u00e1ginas de acabado en aluminio brillante, en variados colores y con soporte para bol\u00edgrafo integrado. Presentado en funda de<\/p>","protected":false},"featured_media":84761,"comment_status":"open","ping_status":"open","template":"","meta":{"inline_featured_image":false},"product_brand":[],"product_cat":[100,96,128],"product_tag":[],"class_list":{"0":"post-31606","1":"product","2":"type-product","3":"status-publish","4":"has-post-thumbnail","6":"product_cat-escritura","7":"product_cat-oficina-y-negocios","8":"product_cat-outlet","10":"first","11":"instock","12":"taxable","13":"shipping-taxable","14":"purchasable","15":"product-type-variable","16":"has-default-attributes"},"aioseo_notices":[],"_links":{"self":[{"href":"https:\/\/imprimeideas.es\/en\/wp-json\/wp\/v2\/product\/31606","targetHints":{"allow":["GET"]}}],"collection":[{"href":"https:\/\/imprimeideas.es\/en\/wp-json\/wp\/v2\/product"}],"about":[{"href":"https:\/\/imprimeideas.es\/en\/wp-json\/wp\/v2\/types\/product"}],"replies":[{"embeddable":true,"href":"https:\/\/imprimeideas.es\/en\/wp-json\/wp\/v2\/comments?post=31606"}],"version-history":[{"count":1,"href":"https:\/\/imprimeideas.es\/en\/wp-json\/wp\/v2\/product\/31606\/revisions"}],"predecessor-version":[{"id":59463,"href":"https:\/\/imprimeideas.es\/en\/wp-json\/wp\/v2\/product\/31606\/revisions\/59463"}],"wp:featuredmedia":[{"embeddable":true,"href":"https:\/\/imprimeideas.es\/en\/wp-json\/wp\/v2\/media\/84761"}],"wp:attachment":[{"href":"https:\/\/imprimeideas.es\/en\/wp-json\/wp\/v2\/media?parent=31606"}],"wp:term":[{"taxonomy":"product_brand","embeddable":true,"href":"https:\/\/imprimeideas.es\/en\/wp-json\/wp\/v2\/product_brand?post=31606"},{"taxonomy":"product_cat","embeddable":true,"href":"https:\/\/imprimeideas.es\/en\/wp-json\/wp\/v2\/product_cat?post=31606"},{"taxonomy":"product_tag","embeddable":true,"href":"https:\/\/imprimeideas.es\/en\/wp-json\/wp\/v2\/product_tag?post=31606"}],"curies":[{"name":"wp","href":"https:\/\/api.w.org\/{rel}","templated":true}]}}