{"id":31588,"date":"2026-02-24T11:03:13","date_gmt":"2026-02-24T10:03:13","guid":{"rendered":"https:\/\/imprimeideas.es\/?post_type=product&p=31588"},"modified":"2026-02-26T18:42:35","modified_gmt":"2026-02-26T17:42:35","slug":"manopla-tosha","status":"publish","type":"product","link":"https:\/\/imprimeideas.es\/en\/product\/manopla-tosha\/","title":{"rendered":"Manopla Tosha"},"content":{"rendered":"<p>Manopla de cocina en alta calidad en combinaci\u00f3n de materiales neopreno y poli\u00e9ster de variada gama en vivos colores. Con una cara lisa especialmente dise\u00f1ada para impresi\u00f3n y cinta para colgar.<\/p>","protected":false},"excerpt":{"rendered":"<p>Una Cara Lisa para Impresi\u00f3n<\/p>","protected":false},"featured_media":33376,"comment_status":"open","ping_status":"open","template":"","meta":{"inline_featured_image":false},"product_brand":[],"product_cat":[104],"product_tag":[],"class_list":{"0":"post-31588","1":"product","2":"type-product","3":"status-publish","4":"has-post-thumbnail","6":"product_cat-hogar-y-decoracion","8":"first","9":"instock","10":"taxable","11":"shipping-taxable","12":"purchasable","13":"product-type-variable","14":"has-default-attributes"},"aioseo_notices":[],"_links":{"self":[{"href":"https:\/\/imprimeideas.es\/en\/wp-json\/wp\/v2\/product\/31588","targetHints":{"allow":["GET"]}}],"collection":[{"href":"https:\/\/imprimeideas.es\/en\/wp-json\/wp\/v2\/product"}],"about":[{"href":"https:\/\/imprimeideas.es\/en\/wp-json\/wp\/v2\/types\/product"}],"replies":[{"embeddable":true,"href":"https:\/\/imprimeideas.es\/en\/wp-json\/wp\/v2\/comments?post=31588"}],"version-history":[{"count":1,"href":"https:\/\/imprimeideas.es\/en\/wp-json\/wp\/v2\/product\/31588\/revisions"}],"predecessor-version":[{"id":59459,"href":"https:\/\/imprimeideas.es\/en\/wp-json\/wp\/v2\/product\/31588\/revisions\/59459"}],"wp:featuredmedia":[{"embeddable":true,"href":"https:\/\/imprimeideas.es\/en\/wp-json\/wp\/v2\/media\/33376"}],"wp:attachment":[{"href":"https:\/\/imprimeideas.es\/en\/wp-json\/wp\/v2\/media?parent=31588"}],"wp:term":[{"taxonomy":"product_brand","embeddable":true,"href":"https:\/\/imprimeideas.es\/en\/wp-json\/wp\/v2\/product_brand?post=31588"},{"taxonomy":"product_cat","embeddable":true,"href":"https:\/\/imprimeideas.es\/en\/wp-json\/wp\/v2\/product_cat?post=31588"},{"taxonomy":"product_tag","embeddable":true,"href":"https:\/\/imprimeideas.es\/en\/wp-json\/wp\/v2\/product_tag?post=31588"}],"curies":[{"name":"wp","href":"https:\/\/api.w.org\/{rel}","templated":true}]}}