{"id":31570,"date":"2026-02-24T11:03:11","date_gmt":"2026-02-24T10:03:11","guid":{"rendered":"https:\/\/imprimeideas.es\/?post_type=product&p=31570"},"modified":"2026-02-25T19:52:18","modified_gmt":"2026-02-25T18:52:18","slug":"boligrafo-linterna-mustap","status":"publish","type":"product","link":"https:\/\/imprimeideas.es\/en\/product\/boligrafo-linterna-mustap\/","title":{"rendered":"Bol\u00edgrafo Linterna Mustap"},"content":{"rendered":"<p>Boligrafo con linterna led integrada. De original dise\u00f1o bicolor y cuerpo en suave acabado de color plateado. Capucha transl\u00facida en vivos colores con cinta de transporte a juego. En tinta azul y con pilas de bot\u00f3n incluidas.<\/p>","protected":false},"excerpt":{"rendered":"<p>2 Ledes. Pilas Bot\u00f3n Incluidas<\/p>","protected":false},"featured_media":85920,"comment_status":"open","ping_status":"open","template":"","meta":{"inline_featured_image":false},"product_brand":[],"product_cat":[100,108,128],"product_tag":[],"class_list":{"0":"post-31570","1":"product","2":"type-product","3":"status-publish","4":"has-post-thumbnail","6":"product_cat-escritura","7":"product_cat-infantil","8":"product_cat-outlet","10":"first","11":"outofstock","12":"taxable","13":"shipping-taxable","14":"purchasable","15":"product-type-variable","16":"has-default-attributes"},"aioseo_notices":[],"_links":{"self":[{"href":"https:\/\/imprimeideas.es\/en\/wp-json\/wp\/v2\/product\/31570","targetHints":{"allow":["GET"]}}],"collection":[{"href":"https:\/\/imprimeideas.es\/en\/wp-json\/wp\/v2\/product"}],"about":[{"href":"https:\/\/imprimeideas.es\/en\/wp-json\/wp\/v2\/types\/product"}],"replies":[{"embeddable":true,"href":"https:\/\/imprimeideas.es\/en\/wp-json\/wp\/v2\/comments?post=31570"}],"version-history":[{"count":1,"href":"https:\/\/imprimeideas.es\/en\/wp-json\/wp\/v2\/product\/31570\/revisions"}],"predecessor-version":[{"id":59456,"href":"https:\/\/imprimeideas.es\/en\/wp-json\/wp\/v2\/product\/31570\/revisions\/59456"}],"wp:featuredmedia":[{"embeddable":true,"href":"https:\/\/imprimeideas.es\/en\/wp-json\/wp\/v2\/media\/85920"}],"wp:attachment":[{"href":"https:\/\/imprimeideas.es\/en\/wp-json\/wp\/v2\/media?parent=31570"}],"wp:term":[{"taxonomy":"product_brand","embeddable":true,"href":"https:\/\/imprimeideas.es\/en\/wp-json\/wp\/v2\/product_brand?post=31570"},{"taxonomy":"product_cat","embeddable":true,"href":"https:\/\/imprimeideas.es\/en\/wp-json\/wp\/v2\/product_cat?post=31570"},{"taxonomy":"product_tag","embeddable":true,"href":"https:\/\/imprimeideas.es\/en\/wp-json\/wp\/v2\/product_tag?post=31570"}],"curies":[{"name":"wp","href":"https:\/\/api.w.org\/{rel}","templated":true}]}}