{"id":31457,"date":"2026-02-24T11:03:04","date_gmt":"2026-02-24T10:03:04","guid":{"rendered":"https:\/\/imprimeideas.es\/?post_type=product&p=31457"},"modified":"2026-02-26T18:19:36","modified_gmt":"2026-02-26T17:19:36","slug":"caja-lapices-tynie","status":"publish","type":"product","link":"https:\/\/imprimeideas.es\/en\/product\/caja-lapices-tynie\/","title":{"rendered":"Caja L\u00e1pices Tynie"},"content":{"rendered":"<p>Caja de l\u00ednea nature con 4 l\u00e1pices de madera de cuerpo hexagonal. Con minas en color azul, amarillo, verde y rojo. Presentados en caja individual de cart\u00f3n kraft con ventana.<\/p>","protected":false},"excerpt":{"rendered":"<p>4 L\u00e1pices<\/p>","protected":false},"featured_media":82868,"comment_status":"open","ping_status":"open","template":"","meta":{"inline_featured_image":false},"product_brand":[],"product_cat":[122,100,108],"product_tag":[],"class_list":{"0":"post-31457","1":"product","2":"type-product","3":"status-publish","4":"has-post-thumbnail","6":"product_cat-articulos-sostenibles","7":"product_cat-escritura","8":"product_cat-infantil","10":"first","11":"instock","12":"taxable","13":"shipping-taxable","14":"purchasable","15":"product-type-variable","16":"has-default-attributes"},"aioseo_notices":[],"_links":{"self":[{"href":"https:\/\/imprimeideas.es\/en\/wp-json\/wp\/v2\/product\/31457","targetHints":{"allow":["GET"]}}],"collection":[{"href":"https:\/\/imprimeideas.es\/en\/wp-json\/wp\/v2\/product"}],"about":[{"href":"https:\/\/imprimeideas.es\/en\/wp-json\/wp\/v2\/types\/product"}],"replies":[{"embeddable":true,"href":"https:\/\/imprimeideas.es\/en\/wp-json\/wp\/v2\/comments?post=31457"}],"version-history":[{"count":1,"href":"https:\/\/imprimeideas.es\/en\/wp-json\/wp\/v2\/product\/31457\/revisions"}],"predecessor-version":[{"id":59441,"href":"https:\/\/imprimeideas.es\/en\/wp-json\/wp\/v2\/product\/31457\/revisions\/59441"}],"wp:featuredmedia":[{"embeddable":true,"href":"https:\/\/imprimeideas.es\/en\/wp-json\/wp\/v2\/media\/82868"}],"wp:attachment":[{"href":"https:\/\/imprimeideas.es\/en\/wp-json\/wp\/v2\/media?parent=31457"}],"wp:term":[{"taxonomy":"product_brand","embeddable":true,"href":"https:\/\/imprimeideas.es\/en\/wp-json\/wp\/v2\/product_brand?post=31457"},{"taxonomy":"product_cat","embeddable":true,"href":"https:\/\/imprimeideas.es\/en\/wp-json\/wp\/v2\/product_cat?post=31457"},{"taxonomy":"product_tag","embeddable":true,"href":"https:\/\/imprimeideas.es\/en\/wp-json\/wp\/v2\/product_tag?post=31457"}],"curies":[{"name":"wp","href":"https:\/\/api.w.org\/{rel}","templated":true}]}}